
{"id":12089,"date":"2024-11-12T19:18:21","date_gmt":"2024-11-12T19:18:21","guid":{"rendered":"https:\/\/cutlisttools.com\/membership-login\/password-reset\/"},"modified":"2024-11-12T19:18:21","modified_gmt":"2024-11-12T19:18:21","slug":"password-reset","status":"publish","type":"page","link":"https:\/\/cutlisttools.com\/en\/membership-login\/password-reset\/","title":{"rendered":"Jelsz\u00f3 vissza\u00e1ll\u00edt\u00e1sa"},"content":{"rendered":"<p>[swpm_reset_form]<\/p>\n","protected":false},"excerpt":{"rendered":"<p>[swpm_reset_form]<\/p>\n","protected":false},"author":1,"featured_media":0,"parent":12087,"menu_order":0,"comment_status":"closed","ping_status":"closed","template":"","meta":{"footnotes":"","_wp_rev_ctl_limit":""},"class_list":["post-12089","page","type-page","status-publish","hentry"],"yoast_head":"<!-- This site is optimized with the Yoast SEO plugin v27.5 - https:\/\/yoast.com\/product\/yoast-seo-wordpress\/ -->\n<title>Jelsz\u00f3 vissza\u00e1ll\u00edt\u00e1sa - CutlistTools<\/title>\n<meta name=\"robots\" content=\"index, follow, max-snippet:-1, max-image-preview:large, max-video-preview:-1\" \/>\n<link rel=\"canonical\" href=\"https:\/\/cutlisttools.com\/en\/membership-login\/password-reset\/\" \/>\n<meta property=\"og:locale\" content=\"en_GB\" \/>\n<meta property=\"og:type\" content=\"article\" \/>\n<meta property=\"og:title\" content=\"Jelsz\u00f3 vissza\u00e1ll\u00edt\u00e1sa - CutlistTools\" \/>\n<meta property=\"og:description\" content=\"[swpm_reset_form]\" \/>\n<meta property=\"og:url\" content=\"https:\/\/cutlisttools.com\/en\/membership-login\/password-reset\/\" \/>\n<meta property=\"og:site_name\" content=\"CutlistTools\" \/>\n<meta property=\"og:image\" content=\"https:\/\/cutlisttools.com\/wp-content\/uploads\/2025\/10\/cutron_and_listra_poster-1024x576.png\" \/>\n\t<meta property=\"og:image:width\" content=\"1024\" \/>\n\t<meta property=\"og:image:height\" content=\"576\" \/>\n\t<meta property=\"og:image:type\" content=\"image\/png\" \/>\n<meta name=\"twitter:card\" content=\"summary_large_image\" \/>\n<script type=\"application\/ld+json\" class=\"yoast-schema-graph\">{\"@context\":\"https:\\\/\\\/schema.org\",\"@graph\":[{\"@type\":\"WebPage\",\"@id\":\"https:\\\/\\\/cutlisttools.com\\\/membership-login\\\/password-reset\\\/\",\"url\":\"https:\\\/\\\/cutlisttools.com\\\/membership-login\\\/password-reset\\\/\",\"name\":\"Jelsz\u00f3 vissza\u00e1ll\u00edt\u00e1sa - CutlistTools\",\"isPartOf\":{\"@id\":\"https:\\\/\\\/cutlisttools.com\\\/#website\"},\"datePublished\":\"2024-11-12T19:18:21+00:00\",\"breadcrumb\":{\"@id\":\"https:\\\/\\\/cutlisttools.com\\\/membership-login\\\/password-reset\\\/#breadcrumb\"},\"inLanguage\":\"en-GB\",\"potentialAction\":[{\"@type\":\"ReadAction\",\"target\":[\"https:\\\/\\\/cutlisttools.com\\\/membership-login\\\/password-reset\\\/\"]}]},{\"@type\":\"BreadcrumbList\",\"@id\":\"https:\\\/\\\/cutlisttools.com\\\/membership-login\\\/password-reset\\\/#breadcrumb\",\"itemListElement\":[{\"@type\":\"ListItem\",\"position\":1,\"name\":\"Kezd\u0151lap\",\"item\":\"https:\\\/\\\/cutlisttools.com\\\/\"},{\"@type\":\"ListItem\",\"position\":2,\"name\":\"Tag bejelentkez\u00e9s\",\"item\":\"https:\\\/\\\/cutlisttools.com\\\/membership-login\\\/\"},{\"@type\":\"ListItem\",\"position\":3,\"name\":\"Jelsz\u00f3 vissza\u00e1ll\u00edt\u00e1sa\"}]},{\"@type\":\"WebSite\",\"@id\":\"https:\\\/\\\/cutlisttools.com\\\/#website\",\"url\":\"https:\\\/\\\/cutlisttools.com\\\/\",\"name\":\"CutlistTools\",\"description\":\"CutlistTools\",\"publisher\":{\"@id\":\"https:\\\/\\\/cutlisttools.com\\\/#\\\/schema\\\/person\\\/bd64fd6d24b731e7d04e1da8ecec6139\"},\"alternateName\":\"Cutlist\",\"potentialAction\":[{\"@type\":\"SearchAction\",\"target\":{\"@type\":\"EntryPoint\",\"urlTemplate\":\"https:\\\/\\\/cutlisttools.com\\\/?s={search_term_string}\"},\"query-input\":{\"@type\":\"PropertyValueSpecification\",\"valueRequired\":true,\"valueName\":\"search_term_string\"}}],\"inLanguage\":\"en-GB\"},{\"@type\":[\"Person\",\"Organization\"],\"@id\":\"https:\\\/\\\/cutlisttools.com\\\/#\\\/schema\\\/person\\\/bd64fd6d24b731e7d04e1da8ecec6139\",\"name\":\"Miki\",\"image\":{\"@type\":\"ImageObject\",\"inLanguage\":\"en-GB\",\"@id\":\"https:\\\/\\\/cutlisttools.com\\\/wp-content\\\/uploads\\\/2024\\\/09\\\/cropped-clt-red.png\",\"url\":\"https:\\\/\\\/cutlisttools.com\\\/wp-content\\\/uploads\\\/2024\\\/09\\\/cropped-clt-red.png\",\"contentUrl\":\"https:\\\/\\\/cutlisttools.com\\\/wp-content\\\/uploads\\\/2024\\\/09\\\/cropped-clt-red.png\",\"width\":512,\"height\":512,\"caption\":\"Miki\"},\"logo\":{\"@id\":\"https:\\\/\\\/cutlisttools.com\\\/wp-content\\\/uploads\\\/2024\\\/09\\\/cropped-clt-red.png\"},\"sameAs\":[\"https:\\\/\\\/cutlisttools.com\"]}]}<\/script>\n<!-- \/ Yoast SEO plugin. -->","yoast_head_json":{"title":"Jelsz\u00f3 vissza\u00e1ll\u00edt\u00e1sa - CutlistTools","robots":{"index":"index","follow":"follow","max-snippet":"max-snippet:-1","max-image-preview":"max-image-preview:large","max-video-preview":"max-video-preview:-1"},"canonical":"https:\/\/cutlisttools.com\/en\/membership-login\/password-reset\/","og_locale":"en_GB","og_type":"article","og_title":"Jelsz\u00f3 vissza\u00e1ll\u00edt\u00e1sa - CutlistTools","og_description":"[swpm_reset_form]","og_url":"https:\/\/cutlisttools.com\/en\/membership-login\/password-reset\/","og_site_name":"CutlistTools","og_image":[{"width":1024,"height":576,"url":"https:\/\/cutlisttools.com\/wp-content\/uploads\/2025\/10\/cutron_and_listra_poster-1024x576.png","type":"image\/png"}],"twitter_card":"summary_large_image","schema":{"@context":"https:\/\/schema.org","@graph":[{"@type":"WebPage","@id":"https:\/\/cutlisttools.com\/membership-login\/password-reset\/","url":"https:\/\/cutlisttools.com\/membership-login\/password-reset\/","name":"Jelsz\u00f3 vissza\u00e1ll\u00edt\u00e1sa - CutlistTools","isPartOf":{"@id":"https:\/\/cutlisttools.com\/#website"},"datePublished":"2024-11-12T19:18:21+00:00","breadcrumb":{"@id":"https:\/\/cutlisttools.com\/membership-login\/password-reset\/#breadcrumb"},"inLanguage":"en-GB","potentialAction":[{"@type":"ReadAction","target":["https:\/\/cutlisttools.com\/membership-login\/password-reset\/"]}]},{"@type":"BreadcrumbList","@id":"https:\/\/cutlisttools.com\/membership-login\/password-reset\/#breadcrumb","itemListElement":[{"@type":"ListItem","position":1,"name":"Kezd\u0151lap","item":"https:\/\/cutlisttools.com\/"},{"@type":"ListItem","position":2,"name":"Tag bejelentkez\u00e9s","item":"https:\/\/cutlisttools.com\/membership-login\/"},{"@type":"ListItem","position":3,"name":"Jelsz\u00f3 vissza\u00e1ll\u00edt\u00e1sa"}]},{"@type":"WebSite","@id":"https:\/\/cutlisttools.com\/#website","url":"https:\/\/cutlisttools.com\/","name":"CutlistTools","description":"CutlistTools","publisher":{"@id":"https:\/\/cutlisttools.com\/#\/schema\/person\/bd64fd6d24b731e7d04e1da8ecec6139"},"alternateName":"Cutlist","potentialAction":[{"@type":"SearchAction","target":{"@type":"EntryPoint","urlTemplate":"https:\/\/cutlisttools.com\/?s={search_term_string}"},"query-input":{"@type":"PropertyValueSpecification","valueRequired":true,"valueName":"search_term_string"}}],"inLanguage":"en-GB"},{"@type":["Person","Organization"],"@id":"https:\/\/cutlisttools.com\/#\/schema\/person\/bd64fd6d24b731e7d04e1da8ecec6139","name":"Miki","image":{"@type":"ImageObject","inLanguage":"en-GB","@id":"https:\/\/cutlisttools.com\/wp-content\/uploads\/2024\/09\/cropped-clt-red.png","url":"https:\/\/cutlisttools.com\/wp-content\/uploads\/2024\/09\/cropped-clt-red.png","contentUrl":"https:\/\/cutlisttools.com\/wp-content\/uploads\/2024\/09\/cropped-clt-red.png","width":512,"height":512,"caption":"Miki"},"logo":{"@id":"https:\/\/cutlisttools.com\/wp-content\/uploads\/2024\/09\/cropped-clt-red.png"},"sameAs":["https:\/\/cutlisttools.com"]}]}},"_links":{"self":[{"href":"https:\/\/cutlisttools.com\/en\/wp-json\/wp\/v2\/pages\/12089","targetHints":{"allow":["GET"]}}],"collection":[{"href":"https:\/\/cutlisttools.com\/en\/wp-json\/wp\/v2\/pages"}],"about":[{"href":"https:\/\/cutlisttools.com\/en\/wp-json\/wp\/v2\/types\/page"}],"author":[{"embeddable":true,"href":"https:\/\/cutlisttools.com\/en\/wp-json\/wp\/v2\/users\/1"}],"replies":[{"embeddable":true,"href":"https:\/\/cutlisttools.com\/en\/wp-json\/wp\/v2\/comments?post=12089"}],"version-history":[{"count":0,"href":"https:\/\/cutlisttools.com\/en\/wp-json\/wp\/v2\/pages\/12089\/revisions"}],"up":[{"embeddable":true,"href":"https:\/\/cutlisttools.com\/en\/wp-json\/wp\/v2\/pages\/12087"}],"wp:attachment":[{"href":"https:\/\/cutlisttools.com\/en\/wp-json\/wp\/v2\/media?parent=12089"}],"curies":[{"name":"wp","href":"https:\/\/api.w.org\/{rel}","templated":true}]}}