
{"id":12090,"date":"2024-11-12T19:18:21","date_gmt":"2024-11-12T19:18:21","guid":{"rendered":"https:\/\/cutlisttools.com\/thank-you\/"},"modified":"2024-11-12T19:18:21","modified_gmt":"2024-11-12T19:18:21","slug":"thank-you","status":"publish","type":"page","link":"https:\/\/cutlisttools.com\/en\/thank-you\/","title":{"rendered":"K\u00f6sz\u00f6nj\u00fck!"},"content":{"rendered":"<p>[swpm_thank_you_page_registration]<\/p>\n","protected":false},"excerpt":{"rendered":"<p>[swpm_thank_you_page_registration]<\/p>\n","protected":false},"author":1,"featured_media":0,"parent":0,"menu_order":0,"comment_status":"closed","ping_status":"closed","template":"","meta":{"footnotes":"","_wp_rev_ctl_limit":""},"class_list":["post-12090","page","type-page","status-publish","hentry"],"yoast_head":"<!-- This site is optimized with the Yoast SEO plugin v27.5 - https:\/\/yoast.com\/product\/yoast-seo-wordpress\/ -->\n<title>K\u00f6sz\u00f6nj\u00fck! - CutlistTools<\/title>\n<meta name=\"robots\" content=\"index, follow, max-snippet:-1, max-image-preview:large, max-video-preview:-1\" \/>\n<link rel=\"canonical\" href=\"https:\/\/cutlisttools.com\/en\/thank-you\/\" \/>\n<meta property=\"og:locale\" content=\"en_GB\" \/>\n<meta property=\"og:type\" content=\"article\" \/>\n<meta property=\"og:title\" content=\"K\u00f6sz\u00f6nj\u00fck! - CutlistTools\" \/>\n<meta property=\"og:description\" content=\"[swpm_thank_you_page_registration]\" \/>\n<meta property=\"og:url\" content=\"https:\/\/cutlisttools.com\/en\/thank-you\/\" \/>\n<meta property=\"og:site_name\" content=\"CutlistTools\" \/>\n<meta property=\"og:image\" content=\"https:\/\/cutlisttools.com\/wp-content\/uploads\/2025\/10\/cutron_and_listra_poster-1024x576.png\" \/>\n\t<meta property=\"og:image:width\" content=\"1024\" \/>\n\t<meta property=\"og:image:height\" content=\"576\" \/>\n\t<meta property=\"og:image:type\" content=\"image\/png\" \/>\n<meta name=\"twitter:card\" content=\"summary_large_image\" \/>\n<script type=\"application\/ld+json\" class=\"yoast-schema-graph\">{\"@context\":\"https:\\\/\\\/schema.org\",\"@graph\":[{\"@type\":\"WebPage\",\"@id\":\"https:\\\/\\\/cutlisttools.com\\\/thank-you\\\/\",\"url\":\"https:\\\/\\\/cutlisttools.com\\\/thank-you\\\/\",\"name\":\"K\u00f6sz\u00f6nj\u00fck! - CutlistTools\",\"isPartOf\":{\"@id\":\"https:\\\/\\\/cutlisttools.com\\\/#website\"},\"datePublished\":\"2024-11-12T19:18:21+00:00\",\"breadcrumb\":{\"@id\":\"https:\\\/\\\/cutlisttools.com\\\/thank-you\\\/#breadcrumb\"},\"inLanguage\":\"en-GB\",\"potentialAction\":[{\"@type\":\"ReadAction\",\"target\":[\"https:\\\/\\\/cutlisttools.com\\\/thank-you\\\/\"]}]},{\"@type\":\"BreadcrumbList\",\"@id\":\"https:\\\/\\\/cutlisttools.com\\\/thank-you\\\/#breadcrumb\",\"itemListElement\":[{\"@type\":\"ListItem\",\"position\":1,\"name\":\"Kezd\u0151lap\",\"item\":\"https:\\\/\\\/cutlisttools.com\\\/\"},{\"@type\":\"ListItem\",\"position\":2,\"name\":\"K\u00f6sz\u00f6nj\u00fck!\"}]},{\"@type\":\"WebSite\",\"@id\":\"https:\\\/\\\/cutlisttools.com\\\/#website\",\"url\":\"https:\\\/\\\/cutlisttools.com\\\/\",\"name\":\"CutlistTools\",\"description\":\"CutlistTools\",\"publisher\":{\"@id\":\"https:\\\/\\\/cutlisttools.com\\\/#\\\/schema\\\/person\\\/bd64fd6d24b731e7d04e1da8ecec6139\"},\"alternateName\":\"Cutlist\",\"potentialAction\":[{\"@type\":\"SearchAction\",\"target\":{\"@type\":\"EntryPoint\",\"urlTemplate\":\"https:\\\/\\\/cutlisttools.com\\\/?s={search_term_string}\"},\"query-input\":{\"@type\":\"PropertyValueSpecification\",\"valueRequired\":true,\"valueName\":\"search_term_string\"}}],\"inLanguage\":\"en-GB\"},{\"@type\":[\"Person\",\"Organization\"],\"@id\":\"https:\\\/\\\/cutlisttools.com\\\/#\\\/schema\\\/person\\\/bd64fd6d24b731e7d04e1da8ecec6139\",\"name\":\"Miki\",\"image\":{\"@type\":\"ImageObject\",\"inLanguage\":\"en-GB\",\"@id\":\"https:\\\/\\\/cutlisttools.com\\\/wp-content\\\/uploads\\\/2024\\\/09\\\/cropped-clt-red.png\",\"url\":\"https:\\\/\\\/cutlisttools.com\\\/wp-content\\\/uploads\\\/2024\\\/09\\\/cropped-clt-red.png\",\"contentUrl\":\"https:\\\/\\\/cutlisttools.com\\\/wp-content\\\/uploads\\\/2024\\\/09\\\/cropped-clt-red.png\",\"width\":512,\"height\":512,\"caption\":\"Miki\"},\"logo\":{\"@id\":\"https:\\\/\\\/cutlisttools.com\\\/wp-content\\\/uploads\\\/2024\\\/09\\\/cropped-clt-red.png\"},\"sameAs\":[\"https:\\\/\\\/cutlisttools.com\"]}]}<\/script>\n<!-- \/ Yoast SEO plugin. -->","yoast_head_json":{"title":"K\u00f6sz\u00f6nj\u00fck! - CutlistTools","robots":{"index":"index","follow":"follow","max-snippet":"max-snippet:-1","max-image-preview":"max-image-preview:large","max-video-preview":"max-video-preview:-1"},"canonical":"https:\/\/cutlisttools.com\/en\/thank-you\/","og_locale":"en_GB","og_type":"article","og_title":"K\u00f6sz\u00f6nj\u00fck! - CutlistTools","og_description":"[swpm_thank_you_page_registration]","og_url":"https:\/\/cutlisttools.com\/en\/thank-you\/","og_site_name":"CutlistTools","og_image":[{"width":1024,"height":576,"url":"https:\/\/cutlisttools.com\/wp-content\/uploads\/2025\/10\/cutron_and_listra_poster-1024x576.png","type":"image\/png"}],"twitter_card":"summary_large_image","schema":{"@context":"https:\/\/schema.org","@graph":[{"@type":"WebPage","@id":"https:\/\/cutlisttools.com\/thank-you\/","url":"https:\/\/cutlisttools.com\/thank-you\/","name":"K\u00f6sz\u00f6nj\u00fck! - CutlistTools","isPartOf":{"@id":"https:\/\/cutlisttools.com\/#website"},"datePublished":"2024-11-12T19:18:21+00:00","breadcrumb":{"@id":"https:\/\/cutlisttools.com\/thank-you\/#breadcrumb"},"inLanguage":"en-GB","potentialAction":[{"@type":"ReadAction","target":["https:\/\/cutlisttools.com\/thank-you\/"]}]},{"@type":"BreadcrumbList","@id":"https:\/\/cutlisttools.com\/thank-you\/#breadcrumb","itemListElement":[{"@type":"ListItem","position":1,"name":"Kezd\u0151lap","item":"https:\/\/cutlisttools.com\/"},{"@type":"ListItem","position":2,"name":"K\u00f6sz\u00f6nj\u00fck!"}]},{"@type":"WebSite","@id":"https:\/\/cutlisttools.com\/#website","url":"https:\/\/cutlisttools.com\/","name":"CutlistTools","description":"CutlistTools","publisher":{"@id":"https:\/\/cutlisttools.com\/#\/schema\/person\/bd64fd6d24b731e7d04e1da8ecec6139"},"alternateName":"Cutlist","potentialAction":[{"@type":"SearchAction","target":{"@type":"EntryPoint","urlTemplate":"https:\/\/cutlisttools.com\/?s={search_term_string}"},"query-input":{"@type":"PropertyValueSpecification","valueRequired":true,"valueName":"search_term_string"}}],"inLanguage":"en-GB"},{"@type":["Person","Organization"],"@id":"https:\/\/cutlisttools.com\/#\/schema\/person\/bd64fd6d24b731e7d04e1da8ecec6139","name":"Miki","image":{"@type":"ImageObject","inLanguage":"en-GB","@id":"https:\/\/cutlisttools.com\/wp-content\/uploads\/2024\/09\/cropped-clt-red.png","url":"https:\/\/cutlisttools.com\/wp-content\/uploads\/2024\/09\/cropped-clt-red.png","contentUrl":"https:\/\/cutlisttools.com\/wp-content\/uploads\/2024\/09\/cropped-clt-red.png","width":512,"height":512,"caption":"Miki"},"logo":{"@id":"https:\/\/cutlisttools.com\/wp-content\/uploads\/2024\/09\/cropped-clt-red.png"},"sameAs":["https:\/\/cutlisttools.com"]}]}},"_links":{"self":[{"href":"https:\/\/cutlisttools.com\/en\/wp-json\/wp\/v2\/pages\/12090","targetHints":{"allow":["GET"]}}],"collection":[{"href":"https:\/\/cutlisttools.com\/en\/wp-json\/wp\/v2\/pages"}],"about":[{"href":"https:\/\/cutlisttools.com\/en\/wp-json\/wp\/v2\/types\/page"}],"author":[{"embeddable":true,"href":"https:\/\/cutlisttools.com\/en\/wp-json\/wp\/v2\/users\/1"}],"replies":[{"embeddable":true,"href":"https:\/\/cutlisttools.com\/en\/wp-json\/wp\/v2\/comments?post=12090"}],"version-history":[{"count":0,"href":"https:\/\/cutlisttools.com\/en\/wp-json\/wp\/v2\/pages\/12090\/revisions"}],"wp:attachment":[{"href":"https:\/\/cutlisttools.com\/en\/wp-json\/wp\/v2\/media?parent=12090"}],"curies":[{"name":"wp","href":"https:\/\/api.w.org\/{rel}","templated":true}]}}