
{"id":17094,"date":"2025-06-26T12:09:14","date_gmt":"2025-06-26T12:09:14","guid":{"rendered":"https:\/\/cutlisttools.com\/?page_id=17094"},"modified":"2025-07-13T12:18:47","modified_gmt":"2025-07-13T12:18:47","slug":"sketchup-plugin-es-winwin-online-arazo","status":"publish","type":"page","link":"https:\/\/cutlisttools.com\/en\/sketchup-plugin-es-winwin-online-arazo\/","title":{"rendered":"Sketchup Plugin \u00e9s WinWin Online \u00c1raz\u00f3"},"content":{"rendered":"\t\t<div data-elementor-type=\"wp-page\" data-elementor-id=\"17094\" class=\"elementor elementor-17094\">\n\t\t\t\t<div class=\"elementor-element elementor-element-82d3f3c e-flex e-con-boxed e-con e-parent\" data-id=\"82d3f3c\" data-element_type=\"container\" data-e-type=\"container\">\n\t\t\t\t\t<div class=\"e-con-inner\">\n\t\t\t\t<div class=\"elementor-element elementor-element-5c74743 elementor-widget elementor-widget-spacer\" data-id=\"5c74743\" data-element_type=\"widget\" data-e-type=\"widget\" data-widget_type=\"spacer.default\">\n\t\t\t\t<div class=\"elementor-widget-container\">\n\t\t\t\t\t\t\t<div class=\"elementor-spacer\">\n\t\t\t<div class=\"elementor-spacer-inner\"><\/div>\n\t\t<\/div>\n\t\t\t\t\t\t<\/div>\n\t\t\t\t<\/div>\n\t\t\t\t<div class=\"elementor-element elementor-element-81e8a30 elementor-widget elementor-widget-shortcode\" data-id=\"81e8a30\" data-element_type=\"widget\" data-e-type=\"widget\" data-widget_type=\"shortcode.default\">\n\t\t\t\t<div class=\"elementor-widget-container\">\n\t\t\t\t\t\t\t<div class=\"elementor-shortcode\">[cutlisttools_pricing_form]<\/div>\n\t\t\t\t\t\t<\/div>\n\t\t\t\t<\/div>\n\t\t\t\t\t<\/div>\n\t\t\t\t<\/div>\n\t\t<div class=\"elementor-element elementor-element-a2428de e-flex e-con-boxed e-con e-parent\" data-id=\"a2428de\" data-element_type=\"container\" data-e-type=\"container\">\n\t\t\t\t\t<div class=\"e-con-inner\">\n\t\t\t\t<div class=\"elementor-element elementor-element-591278e elementor-widget elementor-widget-spacer\" data-id=\"591278e\" data-element_type=\"widget\" data-e-type=\"widget\" data-widget_type=\"spacer.default\">\n\t\t\t\t<div class=\"elementor-widget-container\">\n\t\t\t\t\t\t\t<div class=\"elementor-spacer\">\n\t\t\t<div class=\"elementor-spacer-inner\"><\/div>\n\t\t<\/div>\n\t\t\t\t\t\t<\/div>\n\t\t\t\t<\/div>\n\t\t\t\t\t<\/div>\n\t\t\t\t<\/div>\n\t\t<div class=\"elementor-element elementor-element-ed4abda e-flex e-con-boxed e-con e-parent\" data-id=\"ed4abda\" data-element_type=\"container\" data-e-type=\"container\">\n\t\t\t\t\t<div class=\"e-con-inner\">\n\t\t<div class=\"elementor-element elementor-element-cecc74f e-con-full e-flex e-con e-child\" data-id=\"cecc74f\" data-element_type=\"container\" data-e-type=\"container\" data-settings=\"{&quot;background_background&quot;:&quot;classic&quot;}\">\n\t\t\t\t<div class=\"elementor-element elementor-element-0003ad2 elementor-widget elementor-widget-heading\" data-id=\"0003ad2\" data-element_type=\"widget\" data-e-type=\"widget\" data-widget_type=\"heading.default\">\n\t\t\t\t<div class=\"elementor-widget-container\">\n\t\t\t\t\t<h4 class=\"elementor-heading-title elementor-size-default\">Ha saj\u00e1t magad \u00e1ltal szerkesztett f\u00e1jlt szeretn\u00e9l felt\u00f6lteni, k\u00e9rlek \u00fcgyelj a k\u00f6vetkez\u0151kre<\/h4>\t\t\t\t<\/div>\n\t\t\t\t<\/div>\n\t\t\t\t<div class=\"elementor-element elementor-element-5ff7a52 elementor-icon-list--layout-traditional elementor-list-item-link-full_width elementor-widget elementor-widget-icon-list\" data-id=\"5ff7a52\" data-element_type=\"widget\" data-e-type=\"widget\" data-widget_type=\"icon-list.default\">\n\t\t\t\t<div class=\"elementor-widget-container\">\n\t\t\t\t\t\t\t<ul class=\"elementor-icon-list-items\">\n\t\t\t\t\t\t\t<li class=\"elementor-icon-list-item\">\n\t\t\t\t\t\t\t\t\t\t\t<span class=\"elementor-icon-list-icon\">\n\t\t\t\t\t\t\t<svg aria-hidden=\"true\" class=\"e-font-icon-svg e-fas-exclamation-circle\" viewBox=\"0 0 512 512\" xmlns=\"http:\/\/www.w3.org\/2000\/svg\"><path d=\"M504 256c0 136.997-111.043 248-248 248S8 392.997 8 256C8 119.083 119.043 8 256 8s248 111.083 248 248zm-248 50c-25.405 0-46 20.595-46 46s20.595 46 46 46 46-20.595 46-46-20.595-46-46-46zm-43.673-165.346l7.418 136c.347 6.364 5.609 11.346 11.982 11.346h48.546c6.373 0 11.635-4.982 11.982-11.346l7.418-136c.375-6.874-5.098-12.654-11.982-12.654h-63.383c-6.884 0-12.356 5.78-11.981 12.654z\"><\/path><\/svg>\t\t\t\t\t\t<\/span>\n\t\t\t\t\t\t\t\t\t\t<span class=\"elementor-icon-list-text\">Ne v\u00e1ltoztasd meg az oszlopok sorrendj\u00e9t \u2013 ne t\u00f6r\u00f6lj bel\u0151l\u00fck \u00e9s ne adj hozz\u00e1 \u00faj oszlopot sem.<\/span>\n\t\t\t\t\t\t\t\t\t<\/li>\n\t\t\t\t\t\t\t\t<li class=\"elementor-icon-list-item\">\n\t\t\t\t\t\t\t\t\t\t\t<span class=\"elementor-icon-list-icon\">\n\t\t\t\t\t\t\t<svg aria-hidden=\"true\" class=\"e-font-icon-svg e-fas-exclamation-circle\" viewBox=\"0 0 512 512\" xmlns=\"http:\/\/www.w3.org\/2000\/svg\"><path d=\"M504 256c0 136.997-111.043 248-248 248S8 392.997 8 256C8 119.083 119.043 8 256 8s248 111.083 248 248zm-248 50c-25.405 0-46 20.595-46 46s20.595 46 46 46 46-20.595 46-46-20.595-46-46-46zm-43.673-165.346l7.418 136c.347 6.364 5.609 11.346 11.982 11.346h48.546c6.373 0 11.635-4.982 11.982-11.346l7.418-136c.375-6.874-5.098-12.654-11.982-12.654h-63.383c-6.884 0-12.356 5.78-11.981 12.654z\"><\/path><\/svg>\t\t\t\t\t\t<\/span>\n\t\t\t\t\t\t\t\t\t\t<span class=\"elementor-icon-list-text\">A f\u00e1jl .csv kiterjeszt\u00e9s\u0171 legyen (p\u00e9ld\u00e1ul: f\u00e1jlneve.csv).<\/span>\n\t\t\t\t\t\t\t\t\t<\/li>\n\t\t\t\t\t\t\t\t<li class=\"elementor-icon-list-item\">\n\t\t\t\t\t\t\t\t\t\t\t<span class=\"elementor-icon-list-icon\">\n\t\t\t\t\t\t\t<svg aria-hidden=\"true\" class=\"e-font-icon-svg e-fas-exclamation-circle\" viewBox=\"0 0 512 512\" xmlns=\"http:\/\/www.w3.org\/2000\/svg\"><path d=\"M504 256c0 136.997-111.043 248-248 248S8 392.997 8 256C8 119.083 119.043 8 256 8s248 111.083 248 248zm-248 50c-25.405 0-46 20.595-46 46s20.595 46 46 46 46-20.595 46-46-20.595-46-46-46zm-43.673-165.346l7.418 136c.347 6.364 5.609 11.346 11.982 11.346h48.546c6.373 0 11.635-4.982 11.982-11.346l7.418-136c.375-6.874-5.098-12.654-11.982-12.654h-63.383c-6.884 0-12.356 5.78-11.981 12.654z\"><\/path><\/svg>\t\t\t\t\t\t<\/span>\n\t\t\t\t\t\t\t\t\t\t<span class=\"elementor-icon-list-text\">Ment\u00e9skor haszn\u00e1ld a \u201ement\u00e9s m\u00e1sk\u00e9nt\u201d lehet\u0151s\u00e9get, \u00e9s v\u00e1laszd a pontosvessz\u0151vel (;) tagolt form\u00e1tumot.<\/span>\n\t\t\t\t\t\t\t\t\t<\/li>\n\t\t\t\t\t\t\t\t<li class=\"elementor-icon-list-item\">\n\t\t\t\t\t\t\t\t\t\t\t<span class=\"elementor-icon-list-icon\">\n\t\t\t\t\t\t\t<svg aria-hidden=\"true\" class=\"e-font-icon-svg e-fas-exclamation-circle\" viewBox=\"0 0 512 512\" xmlns=\"http:\/\/www.w3.org\/2000\/svg\"><path d=\"M504 256c0 136.997-111.043 248-248 248S8 392.997 8 256C8 119.083 119.043 8 256 8s248 111.083 248 248zm-248 50c-25.405 0-46 20.595-46 46s20.595 46 46 46 46-20.595 46-46-20.595-46-46-46zm-43.673-165.346l7.418 136c.347 6.364 5.609 11.346 11.982 11.346h48.546c6.373 0 11.635-4.982 11.982-11.346l7.418-136c.375-6.874-5.098-12.654-11.982-12.654h-63.383c-6.884 0-12.356 5.78-11.981 12.654z\"><\/path><\/svg>\t\t\t\t\t\t<\/span>\n\t\t\t\t\t\t\t\t\t\t<span class=\"elementor-icon-list-text\">A karakterk\u00f3dol\u00e1st \u00e1ll\u00edtsd UTF-8-ra, m\u00e1sk\u00fcl\u00f6nben el\u0151fordulhatnak hib\u00e1s karakterek.<\/span>\n\t\t\t\t\t\t\t\t\t<\/li>\n\t\t\t\t\t\t\t\t<li class=\"elementor-icon-list-item\">\n\t\t\t\t\t\t\t\t\t\t\t<a href=\"https:\/\/cutlisttools.com\/wp-content\/uploads\/cutlisttools_downloads\/minafajl.csv\" rel=\"nofollow\">\n\n\t\t\t\t\t\t\t\t\t\t\t\t<span class=\"elementor-icon-list-icon\">\n\t\t\t\t\t\t\t<svg aria-hidden=\"true\" class=\"e-font-icon-svg e-far-hand-point-right\" viewBox=\"0 0 512 512\" xmlns=\"http:\/\/www.w3.org\/2000\/svg\"><path d=\"M428.8 137.6h-86.177a115.52 115.52 0 0 0 2.176-22.4c0-47.914-35.072-83.2-92-83.2-45.314 0-57.002 48.537-75.707 78.784-7.735 12.413-16.994 23.317-25.851 33.253l-.131.146-.129.148C135.662 161.807 127.764 168 120.8 168h-2.679c-5.747-4.952-13.536-8-22.12-8H32c-17.673 0-32 12.894-32 28.8v230.4C0 435.106 14.327 448 32 448h64c8.584 0 16.373-3.048 22.12-8h2.679c28.688 0 67.137 40 127.2 40h21.299c62.542 0 98.8-38.658 99.94-91.145 12.482-17.813 18.491-40.785 15.985-62.791A93.148 93.148 0 0 0 393.152 304H428.8c45.435 0 83.2-37.584 83.2-83.2 0-45.099-38.101-83.2-83.2-83.2zm0 118.4h-91.026c12.837 14.669 14.415 42.825-4.95 61.05 11.227 19.646 1.687 45.624-12.925 53.625 6.524 39.128-10.076 61.325-50.6 61.325H248c-45.491 0-77.21-35.913-120-39.676V215.571c25.239-2.964 42.966-21.222 59.075-39.596 11.275-12.65 21.725-25.3 30.799-39.875C232.355 112.712 244.006 80 252.8 80c23.375 0 44 8.8 44 35.2 0 35.2-26.4 53.075-26.4 70.4h158.4c18.425 0 35.2 16.5 35.2 35.2 0 18.975-16.225 35.2-35.2 35.2zM88 384c0 13.255-10.745 24-24 24s-24-10.745-24-24 10.745-24 24-24 24 10.745 24 24z\"><\/path><\/svg>\t\t\t\t\t\t<\/span>\n\t\t\t\t\t\t\t\t\t\t<span class=\"elementor-icon-list-text\">\ud83d\udce5 Itt t\u00f6lthetsz le egy mintaf\u00e1jlt (CSV) 1,29 KB<\/span>\n\t\t\t\t\t\t\t\t\t\t\t<\/a>\n\t\t\t\t\t\t\t\t\t<\/li>\n\t\t\t\t\t\t\t\t<li class=\"elementor-icon-list-item\">\n\t\t\t\t\t\t\t\t\t\t\t<a href=\"https:\/\/cutlisttools.com\/cutlisttools-butoralkatresz-lista-sketchup-plugin\/\" rel=\"nofollow\">\n\n\t\t\t\t\t\t\t\t\t\t\t\t<span class=\"elementor-icon-list-icon\">\n\t\t\t\t\t\t\t<svg aria-hidden=\"true\" class=\"e-font-icon-svg e-far-hand-point-right\" viewBox=\"0 0 512 512\" xmlns=\"http:\/\/www.w3.org\/2000\/svg\"><path d=\"M428.8 137.6h-86.177a115.52 115.52 0 0 0 2.176-22.4c0-47.914-35.072-83.2-92-83.2-45.314 0-57.002 48.537-75.707 78.784-7.735 12.413-16.994 23.317-25.851 33.253l-.131.146-.129.148C135.662 161.807 127.764 168 120.8 168h-2.679c-5.747-4.952-13.536-8-22.12-8H32c-17.673 0-32 12.894-32 28.8v230.4C0 435.106 14.327 448 32 448h64c8.584 0 16.373-3.048 22.12-8h2.679c28.688 0 67.137 40 127.2 40h21.299c62.542 0 98.8-38.658 99.94-91.145 12.482-17.813 18.491-40.785 15.985-62.791A93.148 93.148 0 0 0 393.152 304H428.8c45.435 0 83.2-37.584 83.2-83.2 0-45.099-38.101-83.2-83.2-83.2zm0 118.4h-91.026c12.837 14.669 14.415 42.825-4.95 61.05 11.227 19.646 1.687 45.624-12.925 53.625 6.524 39.128-10.076 61.325-50.6 61.325H248c-45.491 0-77.21-35.913-120-39.676V215.571c25.239-2.964 42.966-21.222 59.075-39.596 11.275-12.65 21.725-25.3 30.799-39.875C232.355 112.712 244.006 80 252.8 80c23.375 0 44 8.8 44 35.2 0 35.2-26.4 53.075-26.4 70.4h158.4c18.425 0 35.2 16.5 35.2 35.2 0 18.975-16.225 35.2-35.2 35.2zM88 384c0 13.255-10.745 24-24 24s-24-10.745-24-24 10.745-24 24-24 24 10.745 24 24z\"><\/path><\/svg>\t\t\t\t\t\t<\/span>\n\t\t\t\t\t\t\t\t\t\t<span class=\"elementor-icon-list-text\">\ud83d\udce5 Az online \u00e1raz\u00f3hoz k\u00e9sz\u00fclt B\u00fatoralkatr\u00e9sz lista SketchUp b\u0151v\u00edtm\u00e9nyt pedig ezen az oldalon tal\u00e1lod<\/span>\n\t\t\t\t\t\t\t\t\t\t\t<\/a>\n\t\t\t\t\t\t\t\t\t<\/li>\n\t\t\t\t\t\t\t\t<li class=\"elementor-icon-list-item\">\n\t\t\t\t\t\t\t\t\t\t\t<a href=\"https:\/\/cutlisttools.com\/letoltes\/17347\/?key=ei5asn63iz37rvrs9xzy8l19gk1x3b\" rel=\"nofollow\">\n\n\t\t\t\t\t\t\t\t\t\t\t\t<span class=\"elementor-icon-list-icon\">\n\t\t\t\t\t\t\t<svg aria-hidden=\"true\" class=\"e-font-icon-svg e-far-hand-point-right\" viewBox=\"0 0 512 512\" xmlns=\"http:\/\/www.w3.org\/2000\/svg\"><path d=\"M428.8 137.6h-86.177a115.52 115.52 0 0 0 2.176-22.4c0-47.914-35.072-83.2-92-83.2-45.314 0-57.002 48.537-75.707 78.784-7.735 12.413-16.994 23.317-25.851 33.253l-.131.146-.129.148C135.662 161.807 127.764 168 120.8 168h-2.679c-5.747-4.952-13.536-8-22.12-8H32c-17.673 0-32 12.894-32 28.8v230.4C0 435.106 14.327 448 32 448h64c8.584 0 16.373-3.048 22.12-8h2.679c28.688 0 67.137 40 127.2 40h21.299c62.542 0 98.8-38.658 99.94-91.145 12.482-17.813 18.491-40.785 15.985-62.791A93.148 93.148 0 0 0 393.152 304H428.8c45.435 0 83.2-37.584 83.2-83.2 0-45.099-38.101-83.2-83.2-83.2zm0 118.4h-91.026c12.837 14.669 14.415 42.825-4.95 61.05 11.227 19.646 1.687 45.624-12.925 53.625 6.524 39.128-10.076 61.325-50.6 61.325H248c-45.491 0-77.21-35.913-120-39.676V215.571c25.239-2.964 42.966-21.222 59.075-39.596 11.275-12.65 21.725-25.3 30.799-39.875C232.355 112.712 244.006 80 252.8 80c23.375 0 44 8.8 44 35.2 0 35.2-26.4 53.075-26.4 70.4h158.4c18.425 0 35.2 16.5 35.2 35.2 0 18.975-16.225 35.2-35.2 35.2zM88 384c0 13.255-10.745 24-24 24s-24-10.745-24-24 10.745-24 24-24 24 10.745 24 24z\"><\/path><\/svg>\t\t\t\t\t\t<\/span>\n\t\t\t\t\t\t\t\t\t\t<span class=\"elementor-icon-list-text\">\ud83d\udce5 Az automatiz\u00e1lt import\u00e1l\u00f3 sablont, ami a BLUM korpusztervez\u0151 szab\u00e1szlist\u00e1j\u00e1val is kompatibilis, innen t\u00f6ltheted le<\/span>\n\t\t\t\t\t\t\t\t\t\t\t<\/a>\n\t\t\t\t\t\t\t\t\t<\/li>\n\t\t\t\t\t\t<\/ul>\n\t\t\t\t\t\t<\/div>\n\t\t\t\t<\/div>\n\t\t\t\t<\/div>\n\t\t\t\t\t<\/div>\n\t\t\t\t<\/div>\n\t\t<div class=\"elementor-element elementor-element-e700546 e-flex e-con-boxed e-con e-parent\" data-id=\"e700546\" data-element_type=\"container\" data-e-type=\"container\">\n\t\t\t\t\t<div class=\"e-con-inner\">\n\t\t\t\t<div class=\"elementor-element elementor-element-2712d94 elementor-widget elementor-widget-spacer\" data-id=\"2712d94\" data-element_type=\"widget\" data-e-type=\"widget\" data-widget_type=\"spacer.default\">\n\t\t\t\t<div class=\"elementor-widget-container\">\n\t\t\t\t\t\t\t<div class=\"elementor-spacer\">\n\t\t\t<div class=\"elementor-spacer-inner\"><\/div>\n\t\t<\/div>\n\t\t\t\t\t\t<\/div>\n\t\t\t\t<\/div>\n\t\t\t\t\t<\/div>\n\t\t\t\t<\/div>\n\t\t\t\t<\/div>\n\t\t","protected":false},"excerpt":{"rendered":"<p>[cutlisttools_pricing_form] Ha saj\u00e1t magad \u00e1ltal szerkesztett f\u00e1jlt szeretn\u00e9l felt\u00f6lteni, k\u00e9rlek \u00fcgyelj a k\u00f6vetkez\u0151kre Ne v\u00e1ltoztasd meg az oszlopok sorrendj\u00e9t \u2013 ne t\u00f6r\u00f6lj bel\u0151l\u00fck \u00e9s ne adj hozz\u00e1 \u00faj oszlopot sem. A f\u00e1jl .csv kiterjeszt\u00e9s\u0171 legyen (p\u00e9ld\u00e1ul: f\u00e1jlneve.csv). Ment\u00e9skor haszn\u00e1ld a \u201ement\u00e9s m\u00e1sk\u00e9nt\u201d lehet\u0151s\u00e9get, \u00e9s v\u00e1laszd a pontosvessz\u0151vel (;) tagolt form\u00e1tumot. A karakterk\u00f3dol\u00e1st \u00e1ll\u00edtsd UTF-8-ra, m\u00e1sk\u00fcl\u00f6nben [&hellip;]<\/p>\n","protected":false},"author":1,"featured_media":0,"parent":0,"menu_order":0,"comment_status":"closed","ping_status":"closed","template":"elementor_header_footer","meta":{"footnotes":"","_wp_rev_ctl_limit":""},"class_list":["post-17094","page","type-page","status-publish","hentry"],"yoast_head":"<!-- This site is optimized with the Yoast SEO plugin v27.5 - https:\/\/yoast.com\/product\/yoast-seo-wordpress\/ -->\n<title>Sketchup Plugin \u00e9s WinWin Online \u00c1raz\u00f3 - CutlistTools<\/title>\n<meta name=\"robots\" content=\"index, follow, max-snippet:-1, max-image-preview:large, max-video-preview:-1\" \/>\n<link rel=\"canonical\" href=\"https:\/\/cutlisttools.com\/en\/sketchup-plugin-es-winwin-online-arazo\/\" \/>\n<meta property=\"og:locale\" content=\"en_GB\" \/>\n<meta property=\"og:type\" content=\"article\" \/>\n<meta property=\"og:title\" content=\"Sketchup Plugin \u00e9s WinWin Online \u00c1raz\u00f3 - CutlistTools\" \/>\n<meta property=\"og:description\" content=\"[cutlisttools_pricing_form] Ha saj\u00e1t magad \u00e1ltal szerkesztett f\u00e1jlt szeretn\u00e9l felt\u00f6lteni, k\u00e9rlek \u00fcgyelj a k\u00f6vetkez\u0151kre Ne v\u00e1ltoztasd meg az oszlopok sorrendj\u00e9t \u2013 ne t\u00f6r\u00f6lj bel\u0151l\u00fck \u00e9s ne adj hozz\u00e1 \u00faj oszlopot sem. A f\u00e1jl .csv kiterjeszt\u00e9s\u0171 legyen (p\u00e9ld\u00e1ul: f\u00e1jlneve.csv). Ment\u00e9skor haszn\u00e1ld a \u201ement\u00e9s m\u00e1sk\u00e9nt\u201d lehet\u0151s\u00e9get, \u00e9s v\u00e1laszd a pontosvessz\u0151vel (;) tagolt form\u00e1tumot. A karakterk\u00f3dol\u00e1st \u00e1ll\u00edtsd UTF-8-ra, m\u00e1sk\u00fcl\u00f6nben [&hellip;]\" \/>\n<meta property=\"og:url\" content=\"https:\/\/cutlisttools.com\/en\/sketchup-plugin-es-winwin-online-arazo\/\" \/>\n<meta property=\"og:site_name\" content=\"CutlistTools\" \/>\n<meta property=\"article:modified_time\" content=\"2025-07-13T12:18:47+00:00\" \/>\n<meta property=\"og:image\" content=\"https:\/\/cutlisttools.com\/wp-content\/uploads\/2025\/10\/cutron_and_listra_poster-1024x576.png\" \/>\n\t<meta property=\"og:image:width\" content=\"1024\" \/>\n\t<meta property=\"og:image:height\" content=\"576\" \/>\n\t<meta property=\"og:image:type\" content=\"image\/png\" \/>\n<meta name=\"twitter:card\" content=\"summary_large_image\" \/>\n<meta name=\"twitter:label1\" content=\"Estimated reading time\" \/>\n\t<meta name=\"twitter:data1\" content=\"1 minute\" \/>\n<script type=\"application\/ld+json\" class=\"yoast-schema-graph\">{\"@context\":\"https:\\\/\\\/schema.org\",\"@graph\":[{\"@type\":\"WebPage\",\"@id\":\"https:\\\/\\\/cutlisttools.com\\\/sketchup-plugin-es-winwin-online-arazo\\\/\",\"url\":\"https:\\\/\\\/cutlisttools.com\\\/sketchup-plugin-es-winwin-online-arazo\\\/\",\"name\":\"Sketchup Plugin \u00e9s WinWin Online \u00c1raz\u00f3 - CutlistTools\",\"isPartOf\":{\"@id\":\"https:\\\/\\\/cutlisttools.com\\\/#website\"},\"datePublished\":\"2025-06-26T12:09:14+00:00\",\"dateModified\":\"2025-07-13T12:18:47+00:00\",\"breadcrumb\":{\"@id\":\"https:\\\/\\\/cutlisttools.com\\\/sketchup-plugin-es-winwin-online-arazo\\\/#breadcrumb\"},\"inLanguage\":\"en-GB\",\"potentialAction\":[{\"@type\":\"ReadAction\",\"target\":[\"https:\\\/\\\/cutlisttools.com\\\/sketchup-plugin-es-winwin-online-arazo\\\/\"]}]},{\"@type\":\"BreadcrumbList\",\"@id\":\"https:\\\/\\\/cutlisttools.com\\\/sketchup-plugin-es-winwin-online-arazo\\\/#breadcrumb\",\"itemListElement\":[{\"@type\":\"ListItem\",\"position\":1,\"name\":\"Kezd\u0151lap\",\"item\":\"https:\\\/\\\/cutlisttools.com\\\/\"},{\"@type\":\"ListItem\",\"position\":2,\"name\":\"Sketchup Plugin \u00e9s WinWin Online \u00c1raz\u00f3\"}]},{\"@type\":\"WebSite\",\"@id\":\"https:\\\/\\\/cutlisttools.com\\\/#website\",\"url\":\"https:\\\/\\\/cutlisttools.com\\\/\",\"name\":\"CutlistTools\",\"description\":\"CutlistTools\",\"publisher\":{\"@id\":\"https:\\\/\\\/cutlisttools.com\\\/#\\\/schema\\\/person\\\/bd64fd6d24b731e7d04e1da8ecec6139\"},\"alternateName\":\"Cutlist\",\"potentialAction\":[{\"@type\":\"SearchAction\",\"target\":{\"@type\":\"EntryPoint\",\"urlTemplate\":\"https:\\\/\\\/cutlisttools.com\\\/?s={search_term_string}\"},\"query-input\":{\"@type\":\"PropertyValueSpecification\",\"valueRequired\":true,\"valueName\":\"search_term_string\"}}],\"inLanguage\":\"en-GB\"},{\"@type\":[\"Person\",\"Organization\"],\"@id\":\"https:\\\/\\\/cutlisttools.com\\\/#\\\/schema\\\/person\\\/bd64fd6d24b731e7d04e1da8ecec6139\",\"name\":\"Miki\",\"image\":{\"@type\":\"ImageObject\",\"inLanguage\":\"en-GB\",\"@id\":\"https:\\\/\\\/cutlisttools.com\\\/wp-content\\\/uploads\\\/2024\\\/09\\\/cropped-clt-red.png\",\"url\":\"https:\\\/\\\/cutlisttools.com\\\/wp-content\\\/uploads\\\/2024\\\/09\\\/cropped-clt-red.png\",\"contentUrl\":\"https:\\\/\\\/cutlisttools.com\\\/wp-content\\\/uploads\\\/2024\\\/09\\\/cropped-clt-red.png\",\"width\":512,\"height\":512,\"caption\":\"Miki\"},\"logo\":{\"@id\":\"https:\\\/\\\/cutlisttools.com\\\/wp-content\\\/uploads\\\/2024\\\/09\\\/cropped-clt-red.png\"},\"sameAs\":[\"https:\\\/\\\/cutlisttools.com\"]}]}<\/script>\n<!-- \/ Yoast SEO plugin. -->","yoast_head_json":{"title":"Sketchup Plugin \u00e9s WinWin Online \u00c1raz\u00f3 - CutlistTools","robots":{"index":"index","follow":"follow","max-snippet":"max-snippet:-1","max-image-preview":"max-image-preview:large","max-video-preview":"max-video-preview:-1"},"canonical":"https:\/\/cutlisttools.com\/en\/sketchup-plugin-es-winwin-online-arazo\/","og_locale":"en_GB","og_type":"article","og_title":"Sketchup Plugin \u00e9s WinWin Online \u00c1raz\u00f3 - CutlistTools","og_description":"[cutlisttools_pricing_form] Ha saj\u00e1t magad \u00e1ltal szerkesztett f\u00e1jlt szeretn\u00e9l felt\u00f6lteni, k\u00e9rlek \u00fcgyelj a k\u00f6vetkez\u0151kre Ne v\u00e1ltoztasd meg az oszlopok sorrendj\u00e9t \u2013 ne t\u00f6r\u00f6lj bel\u0151l\u00fck \u00e9s ne adj hozz\u00e1 \u00faj oszlopot sem. A f\u00e1jl .csv kiterjeszt\u00e9s\u0171 legyen (p\u00e9ld\u00e1ul: f\u00e1jlneve.csv). Ment\u00e9skor haszn\u00e1ld a \u201ement\u00e9s m\u00e1sk\u00e9nt\u201d lehet\u0151s\u00e9get, \u00e9s v\u00e1laszd a pontosvessz\u0151vel (;) tagolt form\u00e1tumot. A karakterk\u00f3dol\u00e1st \u00e1ll\u00edtsd UTF-8-ra, m\u00e1sk\u00fcl\u00f6nben [&hellip;]","og_url":"https:\/\/cutlisttools.com\/en\/sketchup-plugin-es-winwin-online-arazo\/","og_site_name":"CutlistTools","article_modified_time":"2025-07-13T12:18:47+00:00","og_image":[{"width":1024,"height":576,"url":"https:\/\/cutlisttools.com\/wp-content\/uploads\/2025\/10\/cutron_and_listra_poster-1024x576.png","type":"image\/png"}],"twitter_card":"summary_large_image","twitter_misc":{"Estimated reading time":"1 minute"},"schema":{"@context":"https:\/\/schema.org","@graph":[{"@type":"WebPage","@id":"https:\/\/cutlisttools.com\/sketchup-plugin-es-winwin-online-arazo\/","url":"https:\/\/cutlisttools.com\/sketchup-plugin-es-winwin-online-arazo\/","name":"Sketchup Plugin \u00e9s WinWin Online \u00c1raz\u00f3 - CutlistTools","isPartOf":{"@id":"https:\/\/cutlisttools.com\/#website"},"datePublished":"2025-06-26T12:09:14+00:00","dateModified":"2025-07-13T12:18:47+00:00","breadcrumb":{"@id":"https:\/\/cutlisttools.com\/sketchup-plugin-es-winwin-online-arazo\/#breadcrumb"},"inLanguage":"en-GB","potentialAction":[{"@type":"ReadAction","target":["https:\/\/cutlisttools.com\/sketchup-plugin-es-winwin-online-arazo\/"]}]},{"@type":"BreadcrumbList","@id":"https:\/\/cutlisttools.com\/sketchup-plugin-es-winwin-online-arazo\/#breadcrumb","itemListElement":[{"@type":"ListItem","position":1,"name":"Kezd\u0151lap","item":"https:\/\/cutlisttools.com\/"},{"@type":"ListItem","position":2,"name":"Sketchup Plugin \u00e9s WinWin Online \u00c1raz\u00f3"}]},{"@type":"WebSite","@id":"https:\/\/cutlisttools.com\/#website","url":"https:\/\/cutlisttools.com\/","name":"CutlistTools","description":"CutlistTools","publisher":{"@id":"https:\/\/cutlisttools.com\/#\/schema\/person\/bd64fd6d24b731e7d04e1da8ecec6139"},"alternateName":"Cutlist","potentialAction":[{"@type":"SearchAction","target":{"@type":"EntryPoint","urlTemplate":"https:\/\/cutlisttools.com\/?s={search_term_string}"},"query-input":{"@type":"PropertyValueSpecification","valueRequired":true,"valueName":"search_term_string"}}],"inLanguage":"en-GB"},{"@type":["Person","Organization"],"@id":"https:\/\/cutlisttools.com\/#\/schema\/person\/bd64fd6d24b731e7d04e1da8ecec6139","name":"Miki","image":{"@type":"ImageObject","inLanguage":"en-GB","@id":"https:\/\/cutlisttools.com\/wp-content\/uploads\/2024\/09\/cropped-clt-red.png","url":"https:\/\/cutlisttools.com\/wp-content\/uploads\/2024\/09\/cropped-clt-red.png","contentUrl":"https:\/\/cutlisttools.com\/wp-content\/uploads\/2024\/09\/cropped-clt-red.png","width":512,"height":512,"caption":"Miki"},"logo":{"@id":"https:\/\/cutlisttools.com\/wp-content\/uploads\/2024\/09\/cropped-clt-red.png"},"sameAs":["https:\/\/cutlisttools.com"]}]}},"_links":{"self":[{"href":"https:\/\/cutlisttools.com\/en\/wp-json\/wp\/v2\/pages\/17094","targetHints":{"allow":["GET"]}}],"collection":[{"href":"https:\/\/cutlisttools.com\/en\/wp-json\/wp\/v2\/pages"}],"about":[{"href":"https:\/\/cutlisttools.com\/en\/wp-json\/wp\/v2\/types\/page"}],"author":[{"embeddable":true,"href":"https:\/\/cutlisttools.com\/en\/wp-json\/wp\/v2\/users\/1"}],"replies":[{"embeddable":true,"href":"https:\/\/cutlisttools.com\/en\/wp-json\/wp\/v2\/comments?post=17094"}],"version-history":[{"count":7,"href":"https:\/\/cutlisttools.com\/en\/wp-json\/wp\/v2\/pages\/17094\/revisions"}],"predecessor-version":[{"id":17608,"href":"https:\/\/cutlisttools.com\/en\/wp-json\/wp\/v2\/pages\/17094\/revisions\/17608"}],"wp:attachment":[{"href":"https:\/\/cutlisttools.com\/en\/wp-json\/wp\/v2\/media?parent=17094"}],"curies":[{"name":"wp","href":"https:\/\/api.w.org\/{rel}","templated":true}]}}