
{"id":54,"date":"2023-08-29T07:35:38","date_gmt":"2023-08-29T07:35:38","guid":{"rendered":"https:\/\/wp1.yogsthemes.com\/wp\/romsan\/?page_id=54"},"modified":"2025-05-16T19:40:14","modified_gmt":"2025-05-16T19:40:14","slug":"kapcsolat","status":"publish","type":"page","link":"https:\/\/cutlisttools.com\/en\/kapcsolat\/","title":{"rendered":"Contact"},"content":{"rendered":"<div data-elementor-type=\"wp-page\" data-elementor-id=\"54\" class=\"elementor elementor-54\">\n\t\t\t\t\t\t<section class=\"elementor-section elementor-top-section elementor-element elementor-element-5b34527 elementor-section-full_width elementor-section-height-default elementor-section-height-default\" data-id=\"5b34527\" data-element_type=\"section\" data-e-type=\"section\">\n\t\t\t\t\t\t<div class=\"elementor-container elementor-column-gap-no\">\n\t\t\t\t\t<div class=\"elementor-column elementor-col-100 elementor-top-column elementor-element elementor-element-7280934\" data-id=\"7280934\" data-element_type=\"column\" data-e-type=\"column\">\n\t\t\t<div class=\"elementor-widget-wrap elementor-element-populated\">\n\t\t\t\t\t\t<div class=\"elementor-element elementor-element-2ea7684 elementor-widget elementor-widget-romsan_google_map\" data-id=\"2ea7684\" data-element_type=\"widget\" data-e-type=\"widget\" data-settings=\"{&quot;romsan_layout_margin&quot;:{&quot;unit&quot;:&quot;px&quot;,&quot;top&quot;:&quot;&quot;,&quot;right&quot;:&quot;&quot;,&quot;bottom&quot;:&quot;&quot;,&quot;left&quot;:&quot;&quot;,&quot;isLinked&quot;:true},&quot;romsan_layout_margin_laptop&quot;:{&quot;unit&quot;:&quot;px&quot;,&quot;top&quot;:&quot;&quot;,&quot;right&quot;:&quot;&quot;,&quot;bottom&quot;:&quot;&quot;,&quot;left&quot;:&quot;&quot;,&quot;isLinked&quot;:true},&quot;romsan_layout_margin_tablet&quot;:{&quot;unit&quot;:&quot;px&quot;,&quot;top&quot;:&quot;&quot;,&quot;right&quot;:&quot;&quot;,&quot;bottom&quot;:&quot;&quot;,&quot;left&quot;:&quot;&quot;,&quot;isLinked&quot;:true},&quot;romsan_layout_margin_mobile&quot;:{&quot;unit&quot;:&quot;px&quot;,&quot;top&quot;:&quot;&quot;,&quot;right&quot;:&quot;&quot;,&quot;bottom&quot;:&quot;&quot;,&quot;left&quot;:&quot;&quot;,&quot;isLinked&quot;:true},&quot;romsan_layout_padding&quot;:{&quot;unit&quot;:&quot;px&quot;,&quot;top&quot;:&quot;&quot;,&quot;right&quot;:&quot;&quot;,&quot;bottom&quot;:&quot;&quot;,&quot;left&quot;:&quot;&quot;,&quot;isLinked&quot;:true},&quot;romsan_layout_padding_laptop&quot;:{&quot;unit&quot;:&quot;px&quot;,&quot;top&quot;:&quot;&quot;,&quot;right&quot;:&quot;&quot;,&quot;bottom&quot;:&quot;&quot;,&quot;left&quot;:&quot;&quot;,&quot;isLinked&quot;:true},&quot;romsan_layout_padding_tablet&quot;:{&quot;unit&quot;:&quot;px&quot;,&quot;top&quot;:&quot;&quot;,&quot;right&quot;:&quot;&quot;,&quot;bottom&quot;:&quot;&quot;,&quot;left&quot;:&quot;&quot;,&quot;isLinked&quot;:true},&quot;romsan_layout_padding_mobile&quot;:{&quot;unit&quot;:&quot;px&quot;,&quot;top&quot;:&quot;&quot;,&quot;right&quot;:&quot;&quot;,&quot;bottom&quot;:&quot;&quot;,&quot;left&quot;:&quot;&quot;,&quot;isLinked&quot;:true}}\" data-widget_type=\"romsan_google_map.default\">\n\t\t\t\t<div class=\"elementor-widget-container\">\n\t\t\t\t\t    \r\n\t\r\n    \t<!-- Google Map One Start -->\r\n\t\t<section class=\"goolge-map te-google-map\">\r\n\t\t\t            <div class=\"goolge-map__outer\">\r\n\t\t\t\t<iframe src=\"https:\/\/www.google.com\/maps\/embed?pb=!1m18!1m12!1m3!1d805202.1173524138!2d144.3936938774479!3d-37.96964278014015!2m3!1f0!2f0!3f0!3m2!1i1024!2i768!4f13.1!3m3!1m2!1s0x6ad646b5d2ba4df7%3A0x4045675218ccd90!2sMelbourne%20VIC%2C%20Australia!5e0!3m2!1sen!2s!4v1694096537023!5m2!1sen!2s\" allowfullscreen=\"\" loading=\"lazy\" referrerpolicy=\"no-referrer-when-downgrade\"><\/iframe>\t\t\t<\/div>\r\n            \t\t<\/section>\r\n\t\t<!-- Google Map One End -->\r\n    \r\n    \r\n     \r\n     \r\n    \t\t\t\t<\/div>\n\t\t\t\t<\/div>\n\t\t\t\t\t<\/div>\n\t\t<\/div>\n\t\t\t\t\t<\/div>\n\t\t<\/section>\n\t\t\t\t<section class=\"elementor-section elementor-top-section elementor-element elementor-element-0d29355 elementor-section-full_width elementor-section-height-default elementor-section-height-default\" data-id=\"0d29355\" data-element_type=\"section\" data-e-type=\"section\" data-settings=\"{&quot;background_background&quot;:&quot;classic&quot;}\">\n\t\t\t\t\t\t<div class=\"elementor-container elementor-column-gap-no\">\n\t\t\t\t\t<div class=\"elementor-column elementor-col-100 elementor-top-column elementor-element elementor-element-912cd28\" data-id=\"912cd28\" data-element_type=\"column\" data-e-type=\"column\">\n\t\t\t<div class=\"elementor-widget-wrap elementor-element-populated\">\n\t\t\t\t\t\t<div class=\"elementor-element elementor-element-7c75e6e elementor-widget elementor-widget-romsan_float_image\" data-id=\"7c75e6e\" data-element_type=\"widget\" data-e-type=\"widget\" data-widget_type=\"romsan_float_image.default\">\n\t\t\t\t<div class=\"elementor-widget-container\">\n\t\t\t\t\t  \r\n    \r\n    \r\n     \r\n    \r\n        <div class=\"contact-one__shape-1 float-bob-y te-img-position\">\r\n        <img decoding=\"async\" src=\"https:\/\/cutlisttools.com\/wp-content\/uploads\/2023\/09\/contact-one-shape-1-1.png\" alt=\"Awesome Image\">\r\n    <\/div>\r\n          \r\n\t\t\t\t\t<\/div>\n\t\t\t\t<\/div>\n\t\t\t\t<section class=\"elementor-section elementor-inner-section elementor-element elementor-element-d4dd261 elementor-section-boxed elementor-section-height-default elementor-section-height-default\" data-id=\"d4dd261\" data-element_type=\"section\" data-e-type=\"section\">\n\t\t\t\t\t\t<div class=\"elementor-container elementor-column-gap-no\">\n\t\t\t\t\t<div class=\"elementor-column elementor-col-50 elementor-inner-column elementor-element elementor-element-80787f9\" data-id=\"80787f9\" data-element_type=\"column\" data-e-type=\"column\">\n\t\t\t<div class=\"elementor-widget-wrap elementor-element-populated\">\n\t\t\t\t\t\t<div class=\"elementor-element elementor-element-33069ec elementor-widget elementor-widget-romsan_video_section\" data-id=\"33069ec\" data-element_type=\"widget\" data-e-type=\"widget\" data-widget_type=\"romsan_video_section.default\">\n\t\t\t\t<div class=\"elementor-widget-container\">\n\t\t\t\t\t    \r\n      \r\n    \r\n    <div class=\"contact-one__left romsan-video\">\r\n        <div class=\"contact-one__img\">\r\n            <img decoding=\"async\" src=\"https:\/\/cutlisttools.com\/wp-content\/uploads\/2023\/09\/contact-one-img-one-1.jpg\" alt=\"Awesome Image\">                        <a href=\"https:\/\/www.pexels.com\/video\/l-2942803\/\" class=\"contact-one__play lightbox-video te-video\">\r\n                <span class=\"fa-solid fa-play fa-fw\"><i class=\"ripple\"><\/i><\/span>\r\n            <\/a>\r\n                    <\/div>\r\n    <\/div>\r\n    \r\n\t\t\t\t\t<\/div>\n\t\t\t\t<\/div>\n\t\t\t\t\t<\/div>\n\t\t<\/div>\n\t\t\t\t<div class=\"elementor-column elementor-col-50 elementor-inner-column elementor-element elementor-element-a672ae2\" data-id=\"a672ae2\" data-element_type=\"column\" data-e-type=\"column\" data-settings=\"{&quot;background_background&quot;:&quot;classic&quot;}\">\n\t\t\t<div class=\"elementor-widget-wrap elementor-element-populated\">\n\t\t\t\t\t\t<div class=\"elementor-element elementor-element-6a8e09f elementor-widget elementor-widget-romsan_hero_title\" data-id=\"6a8e09f\" data-element_type=\"widget\" data-e-type=\"widget\" data-widget_type=\"romsan_hero_title.default\">\n\t\t\t\t<div class=\"elementor-widget-container\">\n\t\t\t\t\t    \t\r\n          \r\n    \t\r\n        <div class=\"section-title text-left romsan_hero_title\">\r\n                        <div class=\"section-sub-title-box\">\r\n                <p class=\"section-sub-title romsan-subtitle\">Contact With Us<\/p>                                <div class=\"section-title-shape-1\">\r\n                    <img decoding=\"async\" src=\"https:\/\/cutlisttools.com\/wp-content\/uploads\/2023\/08\/section-title-shape-1-1.png\" alt=\"Awesome Image\">\r\n                <\/div>\r\n                                            <\/div>\r\n                                    <h2 class=\"section-title__title romsan-title romsan-size-default\">Join Us to Get It Free <br> Consultations<\/h2>                        <\/div>\r\n    \r\n    \t\t\t\t<\/div>\n\t\t\t\t<\/div>\n\t\t\t\t<div class=\"elementor-element elementor-element-0eaa498 elementor-widget elementor-widget-romsan_form\" data-id=\"0eaa498\" data-element_type=\"widget\" data-e-type=\"widget\" data-settings=\"{&quot;romsan_layout_margin&quot;:{&quot;unit&quot;:&quot;px&quot;,&quot;top&quot;:&quot;&quot;,&quot;right&quot;:&quot;&quot;,&quot;bottom&quot;:&quot;&quot;,&quot;left&quot;:&quot;&quot;,&quot;isLinked&quot;:true},&quot;romsan_layout_margin_laptop&quot;:{&quot;unit&quot;:&quot;px&quot;,&quot;top&quot;:&quot;&quot;,&quot;right&quot;:&quot;&quot;,&quot;bottom&quot;:&quot;&quot;,&quot;left&quot;:&quot;&quot;,&quot;isLinked&quot;:true},&quot;romsan_layout_margin_tablet&quot;:{&quot;unit&quot;:&quot;px&quot;,&quot;top&quot;:&quot;&quot;,&quot;right&quot;:&quot;&quot;,&quot;bottom&quot;:&quot;&quot;,&quot;left&quot;:&quot;&quot;,&quot;isLinked&quot;:true},&quot;romsan_layout_margin_mobile&quot;:{&quot;unit&quot;:&quot;px&quot;,&quot;top&quot;:&quot;&quot;,&quot;right&quot;:&quot;&quot;,&quot;bottom&quot;:&quot;&quot;,&quot;left&quot;:&quot;&quot;,&quot;isLinked&quot;:true},&quot;romsan_layout_padding&quot;:{&quot;unit&quot;:&quot;px&quot;,&quot;top&quot;:&quot;&quot;,&quot;right&quot;:&quot;&quot;,&quot;bottom&quot;:&quot;&quot;,&quot;left&quot;:&quot;&quot;,&quot;isLinked&quot;:true},&quot;romsan_layout_padding_laptop&quot;:{&quot;unit&quot;:&quot;px&quot;,&quot;top&quot;:&quot;&quot;,&quot;right&quot;:&quot;&quot;,&quot;bottom&quot;:&quot;&quot;,&quot;left&quot;:&quot;&quot;,&quot;isLinked&quot;:true},&quot;romsan_layout_padding_tablet&quot;:{&quot;unit&quot;:&quot;px&quot;,&quot;top&quot;:&quot;&quot;,&quot;right&quot;:&quot;&quot;,&quot;bottom&quot;:&quot;&quot;,&quot;left&quot;:&quot;&quot;,&quot;isLinked&quot;:true},&quot;romsan_layout_padding_mobile&quot;:{&quot;unit&quot;:&quot;px&quot;,&quot;top&quot;:&quot;&quot;,&quot;right&quot;:&quot;&quot;,&quot;bottom&quot;:&quot;&quot;,&quot;left&quot;:&quot;&quot;,&quot;isLinked&quot;:true}}\" data-widget_type=\"romsan_form.default\">\n\t\t\t\t<div class=\"elementor-widget-container\">\n\t\t\t\t\t    \r\n\r\n   \r\n      \r\n   \r\n   <div class=\"contact-one__form romsan-form\">\r\n        <div class=\"contact-one__form-box\">\r\n    \t\n<div class=\"wpcf7 no-js\" id=\"wpcf7-f2265-o1\" lang=\"en-US\" dir=\"ltr\" data-wpcf7-id=\"2265\">\n<div class=\"screen-reader-response\"><p role=\"status\" aria-live=\"polite\" aria-atomic=\"true\"><\/p> <ul><\/ul><\/div>\n<form action=\"\/en\/wp-json\/wp\/v2\/pages\/54#wpcf7-f2265-o1\" method=\"post\" class=\"wpcf7-form init\" aria-label=\"Contact form\" novalidate=\"novalidate\" data-status=\"init\" data-trp-original-action=\"\/en\/wp-json\/wp\/v2\/pages\/54#wpcf7-f2265-o1\">\n<fieldset class=\"hidden-fields-container\"><input type=\"hidden\" name=\"_wpcf7\" value=\"2265\" \/><input type=\"hidden\" name=\"_wpcf7_version\" value=\"6.1.5\" \/><input type=\"hidden\" name=\"_wpcf7_locale\" value=\"en_US\" \/><input type=\"hidden\" name=\"_wpcf7_unit_tag\" value=\"wpcf7-f2265-o1\" \/><input type=\"hidden\" name=\"_wpcf7_container_post\" value=\"0\" \/><input type=\"hidden\" name=\"_wpcf7_posted_data_hash\" value=\"\" \/><input type=\"hidden\" name=\"_wpcf7_recaptcha_response\" value=\"\" \/>\n<\/fieldset>\n<div class=\"wpcf7-turnstile cf-turnstile\" data-sitekey=\"0x4AAAAAABnHJArcaLL9dmw1\" data-response-field-name=\"_wpcf7_turnstile_response\"><\/div>\n\n<div class=\"row\">\n\t<div class=\"col-xl-6\">\n\t\t<div class=\"contact-one__input-box\">\n\t\t\t<p><span class=\"wpcf7-form-control-wrap\" data-name=\"text-641\"><input size=\"40\" maxlength=\"400\" class=\"wpcf7-form-control wpcf7-text wpcf7-validates-as-required\" aria-required=\"true\" aria-invalid=\"false\" placeholder=\"* Your name\" value=\"\" type=\"text\" name=\"text-641\" \/><\/span>\n\t\t\t<\/p>\n\t\t<\/div>\n\t<\/div>\n\t<div class=\"col-xl-6\">\n\t\t<div class=\"contact-one__input-box\">\n\t\t\t<p><span class=\"wpcf7-form-control-wrap\" data-name=\"email-893\"><input size=\"40\" maxlength=\"400\" class=\"wpcf7-form-control wpcf7-email wpcf7-validates-as-required wpcf7-text wpcf7-validates-as-email\" aria-required=\"true\" aria-invalid=\"false\" placeholder=\"* Your email address\" value=\"\" type=\"email\" name=\"email-893\" \/><\/span>\n\t\t\t<\/p>\n\t\t<\/div>\n\t<\/div>\n\t<div class=\"col-xl-6\">\n\t\t<div class=\"contact-one__input-box\">\n\t\t\t<p><span class=\"wpcf7-form-control-wrap\" data-name=\"text-642\"><input size=\"40\" maxlength=\"400\" class=\"wpcf7-form-control wpcf7-text wpcf7-validates-as-required\" aria-required=\"true\" aria-invalid=\"false\" placeholder=\"* Your phone number\" value=\"\" type=\"text\" name=\"text-642\" \/><\/span>\n\t\t\t<\/p>\n\t\t<\/div>\n\t<\/div>\n\t<div class=\"col-xl-6\">\n\t\t<div class=\"contact-one__input-box\">\n\t\t\t<p><span class=\"wpcf7-form-control-wrap\" data-name=\"menu-205\"><select class=\"wpcf7-form-control wpcf7-select wpcf7-validates-as-required selectpicker\" aria-required=\"true\" aria-invalid=\"false\" name=\"menu-205\"><option value=\"*Miben tudok seg\u00edteni?\">* How can I help you?<\/option><option value=\"Plugin v\u00e1s\u00e1rl\u00e1s\">Plugin Purchase<\/option><option value=\"M\u0171szaki seg\u00edts\u00e9gny\u00fajt\u00e1s\">Technical Support<\/option><option value=\"Sz\u00e1ml\u00e1z\u00e1s\">Billing<\/option><option value=\"C\u00e9g regisztr\u00e1ci\u00f3\">Company Registration<\/option><option value=\"Egy\u00e9b k\u00e9rd\u00e9sem lenne\">I have another question<\/option><\/select><\/span>\n\t\t\t<\/p>\n\t\t<\/div>\n\t<\/div>\n<\/div>\n<div class=\"row\">\n\t<div class=\"col-xl-12\">\n\t\t<div class=\"contact-one__input-box text-message-box\">\n\t\t\t<p><span class=\"wpcf7-form-control-wrap\" data-name=\"textarea-432\"><textarea cols=\"40\" rows=\"10\" maxlength=\"2000\" class=\"wpcf7-form-control wpcf7-textarea wpcf7-validates-as-required\" aria-required=\"true\" aria-invalid=\"false\" placeholder=\"* Please write your message here!\" name=\"textarea-432\"><\/textarea><\/span>\n\t\t\t<\/p>\n\t\t<\/div>\n\t\t<div class=\"col-xl-12\">\n\t\t\t<div class=\"contact-one__input-box\">\n\t\t\t\t<p><span class=\"wpcf7-form-control-wrap\" data-name=\"plugin-acceptance\"><span class=\"wpcf7-form-control wpcf7-acceptance\"><span class=\"wpcf7-list-item\"><label><input type=\"checkbox\" name=\"plugin-acceptance\" value=\"1\" aria-invalid=\"false\" \/><span class=\"wpcf7-list-item-label\">I have read and accept the <a href=\"https:\/\/cutlisttools.com\/en\/adatvedelmi-iranyelvek\/\" target=\"_blank\">privacy policy<\/a> and I have reviewed the <a href=\"https:\/\/cutlisttools.com\/en\/cookie-szabalyzat\/\" target=\"_blank\">cookie policy<\/a>.<\/span><\/label><\/span><\/span><\/span>\n\t\t\t\t<\/p>\n\t\t\t<\/div>\n\t\t<\/div>\n\t\t<div class=\"contact-one__contact-btn-box\">\n\t\t\t<p><button type=\"submit\" class=\"thm-btn contact-one__contact-btn\">Send<\/button>\n\t\t\t<\/p>\n\t\t<\/div>\n\t<\/div>\n<\/div><div class=\"wpcf7-response-output\" aria-hidden=\"true\"><\/div>\n<input type=\"hidden\" name=\"trp-form-language\" value=\"en\"\/><\/form>\n<\/div>\n        \r\n    <\/div>\r\n      <\/div>\r\n \r\n  \t\t\t\t<\/div>\n\t\t\t\t<\/div>\n\t\t\t\t\t<\/div>\n\t\t<\/div>\n\t\t\t\t\t<\/div>\n\t\t<\/section>\n\t\t\t\t\t<\/div>\n\t\t<\/div>\n\t\t\t\t\t<\/div>\n\t\t<\/section>\n\t\t\t\t<\/div>","protected":false},"excerpt":{"rendered":"<p>Contact With Us Join Us to Get It Free Consultations Your ProblemYour Problem 01Your Problem 02Your Problem 03 Submit Message<\/p>","protected":false},"author":1,"featured_media":0,"parent":0,"menu_order":0,"comment_status":"closed","ping_status":"closed","template":"elementor_header_footer","meta":{"footnotes":"","_wp_rev_ctl_limit":""},"class_list":["post-54","page","type-page","status-publish","hentry"],"yoast_head":"<!-- This site is optimized with the Yoast SEO plugin v27.5 - https:\/\/yoast.com\/product\/yoast-seo-wordpress\/ -->\n<title>Kapcsolat - CutlistTools<\/title>\n<meta name=\"robots\" content=\"index, follow, max-snippet:-1, max-image-preview:large, max-video-preview:-1\" \/>\n<link rel=\"canonical\" href=\"https:\/\/cutlisttools.com\/en\/kapcsolat\/\" \/>\n<meta property=\"og:locale\" content=\"en_GB\" \/>\n<meta property=\"og:type\" content=\"article\" \/>\n<meta property=\"og:title\" content=\"Kapcsolat - CutlistTools\" \/>\n<meta property=\"og:description\" content=\"Contact With Us Join Us to Get It Free Consultations Your ProblemYour Problem 01Your Problem 02Your Problem 03 Submit Message\" \/>\n<meta property=\"og:url\" content=\"https:\/\/cutlisttools.com\/en\/kapcsolat\/\" \/>\n<meta property=\"og:site_name\" content=\"CutlistTools\" \/>\n<meta property=\"article:modified_time\" content=\"2025-05-16T19:40:14+00:00\" \/>\n<meta property=\"og:image\" content=\"https:\/\/cutlisttools.com\/wp-content\/uploads\/2023\/09\/contact-one-shape-1-1.png\" \/>\n<meta name=\"twitter:card\" content=\"summary_large_image\" \/>\n<meta name=\"twitter:label1\" content=\"Estimated reading time\" \/>\n\t<meta name=\"twitter:data1\" content=\"1 minute\" \/>\n<script type=\"application\/ld+json\" class=\"yoast-schema-graph\">{\"@context\":\"https:\\\/\\\/schema.org\",\"@graph\":[{\"@type\":\"WebPage\",\"@id\":\"https:\\\/\\\/cutlisttools.com\\\/kapcsolat\\\/\",\"url\":\"https:\\\/\\\/cutlisttools.com\\\/kapcsolat\\\/\",\"name\":\"Kapcsolat - CutlistTools\",\"isPartOf\":{\"@id\":\"https:\\\/\\\/cutlisttools.com\\\/#website\"},\"primaryImageOfPage\":{\"@id\":\"https:\\\/\\\/cutlisttools.com\\\/kapcsolat\\\/#primaryimage\"},\"image\":{\"@id\":\"https:\\\/\\\/cutlisttools.com\\\/kapcsolat\\\/#primaryimage\"},\"thumbnailUrl\":\"https:\\\/\\\/cutlisttools.com\\\/wp-content\\\/uploads\\\/2023\\\/09\\\/contact-one-shape-1-1.png\",\"datePublished\":\"2023-08-29T07:35:38+00:00\",\"dateModified\":\"2025-05-16T19:40:14+00:00\",\"breadcrumb\":{\"@id\":\"https:\\\/\\\/cutlisttools.com\\\/kapcsolat\\\/#breadcrumb\"},\"inLanguage\":\"en-GB\",\"potentialAction\":[{\"@type\":\"ReadAction\",\"target\":[\"https:\\\/\\\/cutlisttools.com\\\/kapcsolat\\\/\"]}]},{\"@type\":\"ImageObject\",\"inLanguage\":\"en-GB\",\"@id\":\"https:\\\/\\\/cutlisttools.com\\\/kapcsolat\\\/#primaryimage\",\"url\":\"https:\\\/\\\/cutlisttools.com\\\/wp-content\\\/uploads\\\/2023\\\/09\\\/contact-one-shape-1-1.png\",\"contentUrl\":\"https:\\\/\\\/cutlisttools.com\\\/wp-content\\\/uploads\\\/2023\\\/09\\\/contact-one-shape-1-1.png\"},{\"@type\":\"BreadcrumbList\",\"@id\":\"https:\\\/\\\/cutlisttools.com\\\/kapcsolat\\\/#breadcrumb\",\"itemListElement\":[{\"@type\":\"ListItem\",\"position\":1,\"name\":\"Kezd\u0151lap\",\"item\":\"https:\\\/\\\/cutlisttools.com\\\/\"},{\"@type\":\"ListItem\",\"position\":2,\"name\":\"Kapcsolat\"}]},{\"@type\":\"WebSite\",\"@id\":\"https:\\\/\\\/cutlisttools.com\\\/#website\",\"url\":\"https:\\\/\\\/cutlisttools.com\\\/\",\"name\":\"CutlistTools\",\"description\":\"CutlistTools\",\"publisher\":{\"@id\":\"https:\\\/\\\/cutlisttools.com\\\/#\\\/schema\\\/person\\\/bd64fd6d24b731e7d04e1da8ecec6139\"},\"alternateName\":\"Cutlist\",\"potentialAction\":[{\"@type\":\"SearchAction\",\"target\":{\"@type\":\"EntryPoint\",\"urlTemplate\":\"https:\\\/\\\/cutlisttools.com\\\/?s={search_term_string}\"},\"query-input\":{\"@type\":\"PropertyValueSpecification\",\"valueRequired\":true,\"valueName\":\"search_term_string\"}}],\"inLanguage\":\"en-GB\"},{\"@type\":[\"Person\",\"Organization\"],\"@id\":\"https:\\\/\\\/cutlisttools.com\\\/#\\\/schema\\\/person\\\/bd64fd6d24b731e7d04e1da8ecec6139\",\"name\":\"Miki\",\"image\":{\"@type\":\"ImageObject\",\"inLanguage\":\"en-GB\",\"@id\":\"https:\\\/\\\/cutlisttools.com\\\/wp-content\\\/uploads\\\/2024\\\/09\\\/cropped-clt-red.png\",\"url\":\"https:\\\/\\\/cutlisttools.com\\\/wp-content\\\/uploads\\\/2024\\\/09\\\/cropped-clt-red.png\",\"contentUrl\":\"https:\\\/\\\/cutlisttools.com\\\/wp-content\\\/uploads\\\/2024\\\/09\\\/cropped-clt-red.png\",\"width\":512,\"height\":512,\"caption\":\"Miki\"},\"logo\":{\"@id\":\"https:\\\/\\\/cutlisttools.com\\\/wp-content\\\/uploads\\\/2024\\\/09\\\/cropped-clt-red.png\"},\"sameAs\":[\"https:\\\/\\\/cutlisttools.com\"]}]}<\/script>\n<!-- \/ Yoast SEO plugin. -->","yoast_head_json":{"title":"Kapcsolat - CutlistTools","robots":{"index":"index","follow":"follow","max-snippet":"max-snippet:-1","max-image-preview":"max-image-preview:large","max-video-preview":"max-video-preview:-1"},"canonical":"https:\/\/cutlisttools.com\/en\/kapcsolat\/","og_locale":"en_GB","og_type":"article","og_title":"Kapcsolat - CutlistTools","og_description":"Contact With Us Join Us to Get It Free Consultations Your ProblemYour Problem 01Your Problem 02Your Problem 03 Submit Message","og_url":"https:\/\/cutlisttools.com\/en\/kapcsolat\/","og_site_name":"CutlistTools","article_modified_time":"2025-05-16T19:40:14+00:00","og_image":[{"url":"https:\/\/cutlisttools.com\/wp-content\/uploads\/2023\/09\/contact-one-shape-1-1.png","type":"","width":"","height":""}],"twitter_card":"summary_large_image","twitter_misc":{"Estimated reading time":"1 minute"},"schema":{"@context":"https:\/\/schema.org","@graph":[{"@type":"WebPage","@id":"https:\/\/cutlisttools.com\/kapcsolat\/","url":"https:\/\/cutlisttools.com\/kapcsolat\/","name":"Kapcsolat - CutlistTools","isPartOf":{"@id":"https:\/\/cutlisttools.com\/#website"},"primaryImageOfPage":{"@id":"https:\/\/cutlisttools.com\/kapcsolat\/#primaryimage"},"image":{"@id":"https:\/\/cutlisttools.com\/kapcsolat\/#primaryimage"},"thumbnailUrl":"https:\/\/cutlisttools.com\/wp-content\/uploads\/2023\/09\/contact-one-shape-1-1.png","datePublished":"2023-08-29T07:35:38+00:00","dateModified":"2025-05-16T19:40:14+00:00","breadcrumb":{"@id":"https:\/\/cutlisttools.com\/kapcsolat\/#breadcrumb"},"inLanguage":"en-GB","potentialAction":[{"@type":"ReadAction","target":["https:\/\/cutlisttools.com\/kapcsolat\/"]}]},{"@type":"ImageObject","inLanguage":"en-GB","@id":"https:\/\/cutlisttools.com\/kapcsolat\/#primaryimage","url":"https:\/\/cutlisttools.com\/wp-content\/uploads\/2023\/09\/contact-one-shape-1-1.png","contentUrl":"https:\/\/cutlisttools.com\/wp-content\/uploads\/2023\/09\/contact-one-shape-1-1.png"},{"@type":"BreadcrumbList","@id":"https:\/\/cutlisttools.com\/kapcsolat\/#breadcrumb","itemListElement":[{"@type":"ListItem","position":1,"name":"Kezd\u0151lap","item":"https:\/\/cutlisttools.com\/"},{"@type":"ListItem","position":2,"name":"Kapcsolat"}]},{"@type":"WebSite","@id":"https:\/\/cutlisttools.com\/#website","url":"https:\/\/cutlisttools.com\/","name":"CutlistTools","description":"CutlistTools","publisher":{"@id":"https:\/\/cutlisttools.com\/#\/schema\/person\/bd64fd6d24b731e7d04e1da8ecec6139"},"alternateName":"Cutlist","potentialAction":[{"@type":"SearchAction","target":{"@type":"EntryPoint","urlTemplate":"https:\/\/cutlisttools.com\/?s={search_term_string}"},"query-input":{"@type":"PropertyValueSpecification","valueRequired":true,"valueName":"search_term_string"}}],"inLanguage":"en-GB"},{"@type":["Person","Organization"],"@id":"https:\/\/cutlisttools.com\/#\/schema\/person\/bd64fd6d24b731e7d04e1da8ecec6139","name":"Miki","image":{"@type":"ImageObject","inLanguage":"en-GB","@id":"https:\/\/cutlisttools.com\/wp-content\/uploads\/2024\/09\/cropped-clt-red.png","url":"https:\/\/cutlisttools.com\/wp-content\/uploads\/2024\/09\/cropped-clt-red.png","contentUrl":"https:\/\/cutlisttools.com\/wp-content\/uploads\/2024\/09\/cropped-clt-red.png","width":512,"height":512,"caption":"Miki"},"logo":{"@id":"https:\/\/cutlisttools.com\/wp-content\/uploads\/2024\/09\/cropped-clt-red.png"},"sameAs":["https:\/\/cutlisttools.com"]}]}},"_links":{"self":[{"href":"https:\/\/cutlisttools.com\/en\/wp-json\/wp\/v2\/pages\/54","targetHints":{"allow":["GET"]}}],"collection":[{"href":"https:\/\/cutlisttools.com\/en\/wp-json\/wp\/v2\/pages"}],"about":[{"href":"https:\/\/cutlisttools.com\/en\/wp-json\/wp\/v2\/types\/page"}],"author":[{"embeddable":true,"href":"https:\/\/cutlisttools.com\/en\/wp-json\/wp\/v2\/users\/1"}],"replies":[{"embeddable":true,"href":"https:\/\/cutlisttools.com\/en\/wp-json\/wp\/v2\/comments?post=54"}],"version-history":[{"count":0,"href":"https:\/\/cutlisttools.com\/en\/wp-json\/wp\/v2\/pages\/54\/revisions"}],"wp:attachment":[{"href":"https:\/\/cutlisttools.com\/en\/wp-json\/wp\/v2\/media?parent=54"}],"curies":[{"name":"wp","href":"https:\/\/api.w.org\/{rel}","templated":true}]}}