
{"id":9097,"date":"2024-10-06T16:30:08","date_gmt":"2024-10-06T16:30:08","guid":{"rendered":"https:\/\/cutlisttools.com\/?page_id=9097"},"modified":"2025-05-16T19:47:30","modified_gmt":"2025-05-16T19:47:30","slug":"blog","status":"publish","type":"page","link":"https:\/\/cutlisttools.com\/en\/blog\/","title":{"rendered":"Blog"},"content":{"rendered":"<div data-elementor-type=\"wp-page\" data-elementor-id=\"9097\" class=\"elementor elementor-9097\">\n\t\t\t\t<div class=\"elementor-element elementor-element-56b6132 e-flex e-con-boxed e-con e-parent\" data-id=\"56b6132\" data-element_type=\"container\" data-e-type=\"container\">\n\t\t\t\t\t<div class=\"e-con-inner\">\n\t\t\t\t<div class=\"elementor-element elementor-element-eef528b elementor-widget elementor-widget-romsan_hero_title\" data-id=\"eef528b\" data-element_type=\"widget\" data-e-type=\"widget\" data-widget_type=\"romsan_hero_title.default\">\n\t\t\t\t<div class=\"elementor-widget-container\">\n\t\t\t\t\t    \t\r\n          \r\n    \t\r\n        <div class=\"section-title text-left romsan_hero_title\">\r\n                        <div class=\"section-sub-title-box\">\r\n                <p class=\"section-sub-title romsan-subtitle\">Blog<\/p>                                            <\/div>\r\n                                    <h2 class=\"section-title__title romsan-title romsan-size-default\">SketchUp vide\u00f3 tutorialok<\/h2>                        <\/div>\r\n    \r\n    \t\t\t\t<\/div>\n\t\t\t\t<\/div>\n\t\t\t\t\t<\/div>\n\t\t\t\t<\/div>\n\t\t<div class=\"elementor-element elementor-element-d61b721 e-flex e-con-boxed e-con e-parent\" data-id=\"d61b721\" data-element_type=\"container\" data-e-type=\"container\">\n\t\t\t\t\t<div class=\"e-con-inner\">\n\t\t\t\t<div class=\"elementor-element elementor-element-6ae8b40 elementor-widget elementor-widget-romsan_blog_list\" data-id=\"6ae8b40\" data-element_type=\"widget\" data-e-type=\"widget\" data-settings=\"{&quot;boxwrap_alignment&quot;:&quot;center&quot;,&quot;boxwrap_layout_margin&quot;:{&quot;unit&quot;:&quot;px&quot;,&quot;top&quot;:&quot;&quot;,&quot;right&quot;:&quot;&quot;,&quot;bottom&quot;:&quot;&quot;,&quot;left&quot;:&quot;&quot;,&quot;isLinked&quot;:true},&quot;boxwrap_layout_margin_laptop&quot;:{&quot;unit&quot;:&quot;px&quot;,&quot;top&quot;:&quot;&quot;,&quot;right&quot;:&quot;&quot;,&quot;bottom&quot;:&quot;&quot;,&quot;left&quot;:&quot;&quot;,&quot;isLinked&quot;:true},&quot;boxwrap_layout_margin_tablet&quot;:{&quot;unit&quot;:&quot;px&quot;,&quot;top&quot;:&quot;&quot;,&quot;right&quot;:&quot;&quot;,&quot;bottom&quot;:&quot;&quot;,&quot;left&quot;:&quot;&quot;,&quot;isLinked&quot;:true},&quot;boxwrap_layout_margin_mobile&quot;:{&quot;unit&quot;:&quot;px&quot;,&quot;top&quot;:&quot;&quot;,&quot;right&quot;:&quot;&quot;,&quot;bottom&quot;:&quot;&quot;,&quot;left&quot;:&quot;&quot;,&quot;isLinked&quot;:true},&quot;boxwrap_layout_padding&quot;:{&quot;unit&quot;:&quot;px&quot;,&quot;top&quot;:&quot;&quot;,&quot;right&quot;:&quot;&quot;,&quot;bottom&quot;:&quot;&quot;,&quot;left&quot;:&quot;&quot;,&quot;isLinked&quot;:true},&quot;boxwrap_layout_padding_laptop&quot;:{&quot;unit&quot;:&quot;px&quot;,&quot;top&quot;:&quot;&quot;,&quot;right&quot;:&quot;&quot;,&quot;bottom&quot;:&quot;&quot;,&quot;left&quot;:&quot;&quot;,&quot;isLinked&quot;:true},&quot;boxwrap_layout_padding_tablet&quot;:{&quot;unit&quot;:&quot;px&quot;,&quot;top&quot;:&quot;&quot;,&quot;right&quot;:&quot;&quot;,&quot;bottom&quot;:&quot;&quot;,&quot;left&quot;:&quot;&quot;,&quot;isLinked&quot;:true},&quot;boxwrap_layout_padding_mobile&quot;:{&quot;unit&quot;:&quot;px&quot;,&quot;top&quot;:&quot;&quot;,&quot;right&quot;:&quot;&quot;,&quot;bottom&quot;:&quot;&quot;,&quot;left&quot;:&quot;&quot;,&quot;isLinked&quot;:true},&quot;btn_margin&quot;:{&quot;unit&quot;:&quot;px&quot;,&quot;top&quot;:&quot;&quot;,&quot;right&quot;:&quot;&quot;,&quot;bottom&quot;:&quot;&quot;,&quot;left&quot;:&quot;&quot;,&quot;isLinked&quot;:true},&quot;btn_margin_laptop&quot;:{&quot;unit&quot;:&quot;px&quot;,&quot;top&quot;:&quot;&quot;,&quot;right&quot;:&quot;&quot;,&quot;bottom&quot;:&quot;&quot;,&quot;left&quot;:&quot;&quot;,&quot;isLinked&quot;:true},&quot;btn_margin_tablet&quot;:{&quot;unit&quot;:&quot;px&quot;,&quot;top&quot;:&quot;&quot;,&quot;right&quot;:&quot;&quot;,&quot;bottom&quot;:&quot;&quot;,&quot;left&quot;:&quot;&quot;,&quot;isLinked&quot;:true},&quot;btn_margin_mobile&quot;:{&quot;unit&quot;:&quot;px&quot;,&quot;top&quot;:&quot;&quot;,&quot;right&quot;:&quot;&quot;,&quot;bottom&quot;:&quot;&quot;,&quot;left&quot;:&quot;&quot;,&quot;isLinked&quot;:true},&quot;btn_padding&quot;:{&quot;unit&quot;:&quot;px&quot;,&quot;top&quot;:&quot;&quot;,&quot;right&quot;:&quot;&quot;,&quot;bottom&quot;:&quot;&quot;,&quot;left&quot;:&quot;&quot;,&quot;isLinked&quot;:true},&quot;btn_padding_laptop&quot;:{&quot;unit&quot;:&quot;px&quot;,&quot;top&quot;:&quot;&quot;,&quot;right&quot;:&quot;&quot;,&quot;bottom&quot;:&quot;&quot;,&quot;left&quot;:&quot;&quot;,&quot;isLinked&quot;:true},&quot;btn_padding_tablet&quot;:{&quot;unit&quot;:&quot;px&quot;,&quot;top&quot;:&quot;&quot;,&quot;right&quot;:&quot;&quot;,&quot;bottom&quot;:&quot;&quot;,&quot;left&quot;:&quot;&quot;,&quot;isLinked&quot;:true},&quot;btn_padding_mobile&quot;:{&quot;unit&quot;:&quot;px&quot;,&quot;top&quot;:&quot;&quot;,&quot;right&quot;:&quot;&quot;,&quot;bottom&quot;:&quot;&quot;,&quot;left&quot;:&quot;&quot;,&quot;isLinked&quot;:true}}\" data-widget_type=\"romsan_blog_list.default\">\n\t\t\t\t<div class=\"elementor-widget-container\">\n\t\t\t\t\t    \r\n    \t<div class=\"romsan-blog__list romsan-blog\">\r\n     \t<div class=\"row\">\r\n                        <!-- Blog One single Start -->\r\n            <div class=\"col-xl-12 col-lg-12  col-md-12 col-sm-12 wow fadeInLeft\" data-wow-delay=\"100ms\">\r\n                <div class=\"blog-list-one__single\">\r\n                    <div class=\"blog-list-one__img\">\r\n\t\t\t\t\t\t<a href=\"https:\/\/cutlisttools.com\/en\/ives-polc-kerekitett-ellel\/\">\r\n\t\t\t\t\t\t<img fetchpriority=\"high\" decoding=\"async\" width=\"415\" height=\"480\" src=\"https:\/\/cutlisttools.com\/wp-content\/uploads\/2024\/10\/ives-polc-kerekitett-ellel-415x480.jpg\" class=\"image-box__item wp-post-image\" alt=\"\u00cdves polc kerek\u00edtett \u00e9llel\" \/>                        <img fetchpriority=\"high\" decoding=\"async\" width=\"415\" height=\"480\" src=\"https:\/\/cutlisttools.com\/wp-content\/uploads\/2024\/10\/ives-polc-kerekitett-ellel-415x480.jpg\" class=\"image-box__item wp-post-image\" alt=\"\u00cdves polc kerek\u00edtett \u00e9llel\" \/>                        <\/a>\r\n                    <\/div>\r\n                    <div class=\"blog-list-one-content__wrap te-boxwrap__group\">\r\n                        \r\n                        <div class=\"blog-list-one__content\">\r\n                                                        <ul class=\"d-flex align-items-center blog-list__meta\">\r\n                            \t<li class=\"te-romauth__group\"><a href=\"https:\/\/cutlisttools.com\/en\/author\/kiskcr\/\">Miki<\/a><\/li>\t\t\t\t\t\t\t\t<li class=\"te-romcat__group\"><a href=\"https:\/\/cutlisttools.com\/en\/category\/sketchup-tutorial\/\" rel=\"category tag\">SketchUp Tutorial<\/a><\/li>                                <li class=\"te-romdate__group\">2024. October 5.<\/li>                                <li class=\"te-romcom__group\"><a href=\"https:\/\/cutlisttools.com\/en\/ives-polc-kerekitett-ellel\/#comments\">0 Comments<\/a><\/li>                            <\/ul>\r\n                                                        <h3 class=\"blog-list-one__title te-romtitle__group\"><a href=\"https:\/\/cutlisttools.com\/en\/ives-polc-kerekitett-ellel\/\">Curved shelf with rounded edge<\/a><\/h3>\r\n                            <div class=\"blog-list-one__text romsan-romtext\">Sketchup Tutorial \u00cdves polc rajzol\u00e1sa, kerek\u00edtett \u00e9llel Ki tudja hasznos\u00edtani ezt a tutorialt? Ez a r\u00f6vid vide\u00f3 remek kiindul\u00e1si pont&hellip;<\/div>\t\t\t\t\t\t<\/div>\r\n                        \r\n                        <div class=\"blog-list-one__btn services-five__arrow\">\r\n                            <a href=\"https:\/\/cutlisttools.com\/en\/ives-polc-kerekitett-ellel\/\" class=\"romsan-btn\"> \r\n                            \t<span><i class=\"fas fa-arrow-right\"><\/i><\/span> \r\n\t\t\t\t\t\t\t\t                                    I\u2019ll watch it                                                            <\/a>\r\n                        <\/div>\r\n                    <\/div>\r\n                <\/div>\r\n            <\/div>\r\n            <!-- Blog One single End -->\r\n                        <!-- Blog One single Start -->\r\n            <div class=\"col-xl-12 col-lg-12  col-md-12 col-sm-12 wow fadeInLeft\" data-wow-delay=\"100ms\">\r\n                <div class=\"blog-list-one__single\">\r\n                    <div class=\"blog-list-one__img\">\r\n\t\t\t\t\t\t<a href=\"https:\/\/cutlisttools.com\/en\/kihuzas-vonal-menten\/\">\r\n\t\t\t\t\t\t<img decoding=\"async\" width=\"415\" height=\"480\" src=\"https:\/\/cutlisttools.com\/wp-content\/uploads\/2024\/10\/sketchup-kihuzas-vonal-menten-415x480.jpg\" class=\"image-box__item wp-post-image\" alt=\"SketchUp - Kih\u00faz\u00e1s vonal ment\u00e9n\" \/>                        <img decoding=\"async\" width=\"415\" height=\"480\" src=\"https:\/\/cutlisttools.com\/wp-content\/uploads\/2024\/10\/sketchup-kihuzas-vonal-menten-415x480.jpg\" class=\"image-box__item wp-post-image\" alt=\"SketchUp - Kih\u00faz\u00e1s vonal ment\u00e9n\" \/>                        <\/a>\r\n                    <\/div>\r\n                    <div class=\"blog-list-one-content__wrap te-boxwrap__group\">\r\n                        \r\n                        <div class=\"blog-list-one__content\">\r\n                                                        <ul class=\"d-flex align-items-center blog-list__meta\">\r\n                            \t<li class=\"te-romauth__group\"><a href=\"https:\/\/cutlisttools.com\/en\/author\/kiskcr\/\">Miki<\/a><\/li>\t\t\t\t\t\t\t\t<li class=\"te-romcat__group\"><a href=\"https:\/\/cutlisttools.com\/en\/category\/sketchup-tutorial\/\" rel=\"category tag\">SketchUp Tutorial<\/a><\/li>                                <li class=\"te-romdate__group\">2024. October 6.<\/li>                                <li class=\"te-romcom__group\"><a href=\"https:\/\/cutlisttools.com\/en\/kihuzas-vonal-menten\/#comments\">0 Comments<\/a><\/li>                            <\/ul>\r\n                                                        <h3 class=\"blog-list-one__title te-romtitle__group\"><a href=\"https:\/\/cutlisttools.com\/en\/kihuzas-vonal-menten\/\">Extrude along a line<\/a><\/h3>\r\n                            <div class=\"blog-list-one__text romsan-romtext\">Sketchup Tutorial Kih\u00faz\u00e1s vonal ment\u00e9n A SketchUp-ban az egyik legn\u00e9pszer\u0171bb \u00e9s leghasznosabb eszk\u00f6z a Kih\u00faz\u00e1s vonal ment\u00e9n funkci\u00f3, amely lehet\u0151v\u00e9&hellip;<\/div>\t\t\t\t\t\t<\/div>\r\n                        \r\n                        <div class=\"blog-list-one__btn services-five__arrow\">\r\n                            <a href=\"https:\/\/cutlisttools.com\/en\/kihuzas-vonal-menten\/\" class=\"romsan-btn\"> \r\n                            \t<span><i class=\"fas fa-arrow-right\"><\/i><\/span> \r\n\t\t\t\t\t\t\t\t                                    I\u2019ll watch it                                                            <\/a>\r\n                        <\/div>\r\n                    <\/div>\r\n                <\/div>\r\n            <\/div>\r\n            <!-- Blog One single End -->\r\n                    <\/div>\r\n    <\/div>\r\n        \r\n   \t\t\t\t\t<\/div>\n\t\t\t\t<\/div>\n\t\t\t\t\t<\/div>\n\t\t\t\t<\/div>\n\t\t\t\t<\/div>","protected":false},"excerpt":{"rendered":"<p>Blog SketchUp vide\u00f3 tutorialok Miki SketchUp Tutorial 2024. okt\u00f3ber 5. 0 Comments \u00cdves polc kerek\u00edtett \u00e9llel Sketchup Tutorial \u00cdves polc rajzol\u00e1sa, kerek\u00edtett \u00e9llel Ki tudja hasznos\u00edtani ezt a tutorialt?Ez a r\u00f6vid vide\u00f3 remek kiindul\u00e1si pont lehet\u2026 Megn\u00e9zem Miki SketchUp Tutorial 2024. okt\u00f3ber 6. 0 Comments Kih\u00faz\u00e1s vonal ment\u00e9n Sketchup Tutorial Kih\u00faz\u00e1s vonal ment\u00e9n A SketchUp-ban [&hellip;]<\/p>\n","protected":false},"author":1,"featured_media":8263,"parent":0,"menu_order":0,"comment_status":"closed","ping_status":"closed","template":"elementor_header_footer","meta":{"footnotes":"","_wp_rev_ctl_limit":""},"class_list":["post-9097","page","type-page","status-publish","has-post-thumbnail","hentry"],"yoast_head":"<!-- This site is optimized with the Yoast SEO plugin v27.5 - https:\/\/yoast.com\/product\/yoast-seo-wordpress\/ -->\n<title>Blog - CutlistTools<\/title>\n<meta name=\"robots\" content=\"index, follow, max-snippet:-1, max-image-preview:large, max-video-preview:-1\" \/>\n<link rel=\"canonical\" href=\"https:\/\/cutlisttools.com\/en\/blog\/\" \/>\n<meta property=\"og:locale\" content=\"en_GB\" \/>\n<meta property=\"og:type\" content=\"article\" \/>\n<meta property=\"og:title\" content=\"Blog - CutlistTools\" \/>\n<meta property=\"og:description\" content=\"Blog SketchUp vide\u00f3 tutorialok Miki SketchUp Tutorial 2024. okt\u00f3ber 5. 0 Comments \u00cdves polc kerek\u00edtett \u00e9llel Sketchup Tutorial \u00cdves polc rajzol\u00e1sa, kerek\u00edtett \u00e9llel Ki tudja hasznos\u00edtani ezt a tutorialt?Ez a r\u00f6vid vide\u00f3 remek kiindul\u00e1si pont lehet\u2026 Megn\u00e9zem Miki SketchUp Tutorial 2024. okt\u00f3ber 6. 0 Comments Kih\u00faz\u00e1s vonal ment\u00e9n Sketchup Tutorial Kih\u00faz\u00e1s vonal ment\u00e9n A SketchUp-ban [&hellip;]\" \/>\n<meta property=\"og:url\" content=\"https:\/\/cutlisttools.com\/en\/blog\/\" \/>\n<meta property=\"og:site_name\" content=\"CutlistTools\" \/>\n<meta property=\"article:modified_time\" content=\"2025-05-16T19:47:30+00:00\" \/>\n<meta property=\"og:image\" content=\"https:\/\/cutlisttools.com\/wp-content\/uploads\/2024\/09\/sketchup-alapok-1024x585.png\" \/>\n\t<meta property=\"og:image:width\" content=\"1024\" \/>\n\t<meta property=\"og:image:height\" content=\"585\" \/>\n\t<meta property=\"og:image:type\" content=\"image\/png\" \/>\n<meta name=\"twitter:card\" content=\"summary_large_image\" \/>\n<meta name=\"twitter:label1\" content=\"Estimated reading time\" \/>\n\t<meta name=\"twitter:data1\" content=\"2 minutes\" \/>\n<script type=\"application\/ld+json\" class=\"yoast-schema-graph\">{\"@context\":\"https:\\\/\\\/schema.org\",\"@graph\":[{\"@type\":\"WebPage\",\"@id\":\"https:\\\/\\\/cutlisttools.com\\\/blog\\\/\",\"url\":\"https:\\\/\\\/cutlisttools.com\\\/blog\\\/\",\"name\":\"Blog - CutlistTools\",\"isPartOf\":{\"@id\":\"https:\\\/\\\/cutlisttools.com\\\/#website\"},\"primaryImageOfPage\":{\"@id\":\"https:\\\/\\\/cutlisttools.com\\\/blog\\\/#primaryimage\"},\"image\":{\"@id\":\"https:\\\/\\\/cutlisttools.com\\\/blog\\\/#primaryimage\"},\"thumbnailUrl\":\"https:\\\/\\\/cutlisttools.com\\\/wp-content\\\/uploads\\\/2024\\\/09\\\/sketchup-alapok.png\",\"datePublished\":\"2024-10-06T16:30:08+00:00\",\"dateModified\":\"2025-05-16T19:47:30+00:00\",\"breadcrumb\":{\"@id\":\"https:\\\/\\\/cutlisttools.com\\\/blog\\\/#breadcrumb\"},\"inLanguage\":\"en-GB\",\"potentialAction\":[{\"@type\":\"ReadAction\",\"target\":[\"https:\\\/\\\/cutlisttools.com\\\/blog\\\/\"]}]},{\"@type\":\"ImageObject\",\"inLanguage\":\"en-GB\",\"@id\":\"https:\\\/\\\/cutlisttools.com\\\/blog\\\/#primaryimage\",\"url\":\"https:\\\/\\\/cutlisttools.com\\\/wp-content\\\/uploads\\\/2024\\\/09\\\/sketchup-alapok.png\",\"contentUrl\":\"https:\\\/\\\/cutlisttools.com\\\/wp-content\\\/uploads\\\/2024\\\/09\\\/sketchup-alapok.png\",\"width\":1920,\"height\":1097,\"caption\":\"SketchUp Alapok\"},{\"@type\":\"BreadcrumbList\",\"@id\":\"https:\\\/\\\/cutlisttools.com\\\/blog\\\/#breadcrumb\",\"itemListElement\":[{\"@type\":\"ListItem\",\"position\":1,\"name\":\"Kezd\u0151lap\",\"item\":\"https:\\\/\\\/cutlisttools.com\\\/\"},{\"@type\":\"ListItem\",\"position\":2,\"name\":\"Blog\"}]},{\"@type\":\"WebSite\",\"@id\":\"https:\\\/\\\/cutlisttools.com\\\/#website\",\"url\":\"https:\\\/\\\/cutlisttools.com\\\/\",\"name\":\"CutlistTools\",\"description\":\"CutlistTools\",\"publisher\":{\"@id\":\"https:\\\/\\\/cutlisttools.com\\\/#\\\/schema\\\/person\\\/bd64fd6d24b731e7d04e1da8ecec6139\"},\"alternateName\":\"Cutlist\",\"potentialAction\":[{\"@type\":\"SearchAction\",\"target\":{\"@type\":\"EntryPoint\",\"urlTemplate\":\"https:\\\/\\\/cutlisttools.com\\\/?s={search_term_string}\"},\"query-input\":{\"@type\":\"PropertyValueSpecification\",\"valueRequired\":true,\"valueName\":\"search_term_string\"}}],\"inLanguage\":\"en-GB\"},{\"@type\":[\"Person\",\"Organization\"],\"@id\":\"https:\\\/\\\/cutlisttools.com\\\/#\\\/schema\\\/person\\\/bd64fd6d24b731e7d04e1da8ecec6139\",\"name\":\"Miki\",\"image\":{\"@type\":\"ImageObject\",\"inLanguage\":\"en-GB\",\"@id\":\"https:\\\/\\\/cutlisttools.com\\\/wp-content\\\/uploads\\\/2024\\\/09\\\/cropped-clt-red.png\",\"url\":\"https:\\\/\\\/cutlisttools.com\\\/wp-content\\\/uploads\\\/2024\\\/09\\\/cropped-clt-red.png\",\"contentUrl\":\"https:\\\/\\\/cutlisttools.com\\\/wp-content\\\/uploads\\\/2024\\\/09\\\/cropped-clt-red.png\",\"width\":512,\"height\":512,\"caption\":\"Miki\"},\"logo\":{\"@id\":\"https:\\\/\\\/cutlisttools.com\\\/wp-content\\\/uploads\\\/2024\\\/09\\\/cropped-clt-red.png\"},\"sameAs\":[\"https:\\\/\\\/cutlisttools.com\"]}]}<\/script>\n<!-- \/ Yoast SEO plugin. -->","yoast_head_json":{"title":"Blog - CutlistTools","robots":{"index":"index","follow":"follow","max-snippet":"max-snippet:-1","max-image-preview":"max-image-preview:large","max-video-preview":"max-video-preview:-1"},"canonical":"https:\/\/cutlisttools.com\/en\/blog\/","og_locale":"en_GB","og_type":"article","og_title":"Blog - CutlistTools","og_description":"Blog SketchUp vide\u00f3 tutorialok Miki SketchUp Tutorial 2024. okt\u00f3ber 5. 0 Comments \u00cdves polc kerek\u00edtett \u00e9llel Sketchup Tutorial \u00cdves polc rajzol\u00e1sa, kerek\u00edtett \u00e9llel Ki tudja hasznos\u00edtani ezt a tutorialt?Ez a r\u00f6vid vide\u00f3 remek kiindul\u00e1si pont lehet\u2026 Megn\u00e9zem Miki SketchUp Tutorial 2024. okt\u00f3ber 6. 0 Comments Kih\u00faz\u00e1s vonal ment\u00e9n Sketchup Tutorial Kih\u00faz\u00e1s vonal ment\u00e9n A SketchUp-ban [&hellip;]","og_url":"https:\/\/cutlisttools.com\/en\/blog\/","og_site_name":"CutlistTools","article_modified_time":"2025-05-16T19:47:30+00:00","og_image":[{"width":1024,"height":585,"url":"https:\/\/cutlisttools.com\/wp-content\/uploads\/2024\/09\/sketchup-alapok-1024x585.png","type":"image\/png"}],"twitter_card":"summary_large_image","twitter_misc":{"Estimated reading time":"2 minutes"},"schema":{"@context":"https:\/\/schema.org","@graph":[{"@type":"WebPage","@id":"https:\/\/cutlisttools.com\/blog\/","url":"https:\/\/cutlisttools.com\/blog\/","name":"Blog - CutlistTools","isPartOf":{"@id":"https:\/\/cutlisttools.com\/#website"},"primaryImageOfPage":{"@id":"https:\/\/cutlisttools.com\/blog\/#primaryimage"},"image":{"@id":"https:\/\/cutlisttools.com\/blog\/#primaryimage"},"thumbnailUrl":"https:\/\/cutlisttools.com\/wp-content\/uploads\/2024\/09\/sketchup-alapok.png","datePublished":"2024-10-06T16:30:08+00:00","dateModified":"2025-05-16T19:47:30+00:00","breadcrumb":{"@id":"https:\/\/cutlisttools.com\/blog\/#breadcrumb"},"inLanguage":"en-GB","potentialAction":[{"@type":"ReadAction","target":["https:\/\/cutlisttools.com\/blog\/"]}]},{"@type":"ImageObject","inLanguage":"en-GB","@id":"https:\/\/cutlisttools.com\/blog\/#primaryimage","url":"https:\/\/cutlisttools.com\/wp-content\/uploads\/2024\/09\/sketchup-alapok.png","contentUrl":"https:\/\/cutlisttools.com\/wp-content\/uploads\/2024\/09\/sketchup-alapok.png","width":1920,"height":1097,"caption":"SketchUp Alapok"},{"@type":"BreadcrumbList","@id":"https:\/\/cutlisttools.com\/blog\/#breadcrumb","itemListElement":[{"@type":"ListItem","position":1,"name":"Kezd\u0151lap","item":"https:\/\/cutlisttools.com\/"},{"@type":"ListItem","position":2,"name":"Blog"}]},{"@type":"WebSite","@id":"https:\/\/cutlisttools.com\/#website","url":"https:\/\/cutlisttools.com\/","name":"CutlistTools","description":"CutlistTools","publisher":{"@id":"https:\/\/cutlisttools.com\/#\/schema\/person\/bd64fd6d24b731e7d04e1da8ecec6139"},"alternateName":"Cutlist","potentialAction":[{"@type":"SearchAction","target":{"@type":"EntryPoint","urlTemplate":"https:\/\/cutlisttools.com\/?s={search_term_string}"},"query-input":{"@type":"PropertyValueSpecification","valueRequired":true,"valueName":"search_term_string"}}],"inLanguage":"en-GB"},{"@type":["Person","Organization"],"@id":"https:\/\/cutlisttools.com\/#\/schema\/person\/bd64fd6d24b731e7d04e1da8ecec6139","name":"Miki","image":{"@type":"ImageObject","inLanguage":"en-GB","@id":"https:\/\/cutlisttools.com\/wp-content\/uploads\/2024\/09\/cropped-clt-red.png","url":"https:\/\/cutlisttools.com\/wp-content\/uploads\/2024\/09\/cropped-clt-red.png","contentUrl":"https:\/\/cutlisttools.com\/wp-content\/uploads\/2024\/09\/cropped-clt-red.png","width":512,"height":512,"caption":"Miki"},"logo":{"@id":"https:\/\/cutlisttools.com\/wp-content\/uploads\/2024\/09\/cropped-clt-red.png"},"sameAs":["https:\/\/cutlisttools.com"]}]}},"_links":{"self":[{"href":"https:\/\/cutlisttools.com\/en\/wp-json\/wp\/v2\/pages\/9097","targetHints":{"allow":["GET"]}}],"collection":[{"href":"https:\/\/cutlisttools.com\/en\/wp-json\/wp\/v2\/pages"}],"about":[{"href":"https:\/\/cutlisttools.com\/en\/wp-json\/wp\/v2\/types\/page"}],"author":[{"embeddable":true,"href":"https:\/\/cutlisttools.com\/en\/wp-json\/wp\/v2\/users\/1"}],"replies":[{"embeddable":true,"href":"https:\/\/cutlisttools.com\/en\/wp-json\/wp\/v2\/comments?post=9097"}],"version-history":[{"count":1,"href":"https:\/\/cutlisttools.com\/en\/wp-json\/wp\/v2\/pages\/9097\/revisions"}],"predecessor-version":[{"id":15115,"href":"https:\/\/cutlisttools.com\/en\/wp-json\/wp\/v2\/pages\/9097\/revisions\/15115"}],"wp:featuredmedia":[{"embeddable":true,"href":"https:\/\/cutlisttools.com\/en\/wp-json\/wp\/v2\/media\/8263"}],"wp:attachment":[{"href":"https:\/\/cutlisttools.com\/en\/wp-json\/wp\/v2\/media?parent=9097"}],"curies":[{"name":"wp","href":"https:\/\/api.w.org\/{rel}","templated":true}]}}